{"id":6097,"date":"2023-10-27T03:10:29","date_gmt":"2023-10-27T03:10:29","guid":{"rendered":"https:\/\/ccrl-clrc.ca\/le-coin-de-la-pensee\/"},"modified":"2023-11-13T20:41:46","modified_gmt":"2023-11-13T20:41:46","slug":"le-coin-de-la-pensee","status":"publish","type":"page","link":"https:\/\/ccrl-clrc.ca\/fr\/le-coin-de-la-pensee\/","title":{"rendered":"Le coin de la pens\u00e9e"},"content":{"rendered":"<p>[et_pb_section fb_built=\u00a0\u00bb1&Prime; admin_label=\u00a0\u00bbsection\u00a0\u00bb _builder_version=\u00a0\u00bb4.22.2&Prime; custom_margin_tablet=\u00a0\u00bb-80px||||false|false\u00a0\u00bb custom_margin_phone=\u00a0\u00bb-79px||||false|false\u00a0\u00bb custom_margin_last_edited=\u00a0\u00bboff|desktop\u00a0\u00bb global_colors_info=\u00a0\u00bb{}\u00a0\u00bb][et_pb_row admin_label=\u00a0\u00bbrang\u00e9e\u00a0\u00bb _builder_version=\u00a0\u00bb4.16&Prime; background_size=\u00a0\u00bbinitial\u00a0\u00bb background_position=\u00a0\u00bbtop_left\u00a0\u00bb background_repeat=\u00a0\u00bbrepeat\u00a0\u00bb global_colors_info=\u00a0\u00bb{}\u00a0\u00bb][et_pb_column type=\u00a0\u00bb4_4&Prime; _builder_version=\u00a0\u00bb4.16&Prime; custom_padding=\u00a0\u00bb|||\u00a0\u00bb global_colors_info=\u00a0\u00bb{}\u00a0\u00bb custom_padding__hover=\u00a0\u00bb|||\u00a0\u00bb][et_pb_text admin_label=\u00a0\u00bbText\u00a0\u00bb _builder_version=\u00a0\u00bb4.16&Prime; background_size=\u00a0\u00bbinitial\u00a0\u00bb background_position=\u00a0\u00bbtop_left\u00a0\u00bb background_repeat=\u00a0\u00bbrepeat\u00a0\u00bb global_colors_info=\u00a0\u00bb{}\u00a0\u00bb]<\/p>\n<p>Ce coin de r\u00e9flexion sur la religion est un moyen de penser au-del\u00e0 des d\u00e9tails de notre site et de r\u00e9pondre aux questions : Qu&rsquo;est-ce que la <a href=\"https:\/\/ccrl-clrc.ca\/fr\/notre-travail\/quest-ce-que-la-litteratie-religieuse-civique-au-canada\/\">litt\u00e9ratie religieuse civique<\/a>? Comment l&rsquo;utilisez-vous ?<\/p>\n<p>Ces articles r\u00e9dig\u00e9s par les membres de l&rsquo;\u00e9quipe de la CLRC montrent comment la litt\u00e9ratie religieuse peut \u00eatre mise en pratique. <\/p>\n<p style=\"text-align: center;\">\n<p>[\/et_pb_text][\/et_pb_column][\/et_pb_row][et_pb_row _builder_version=\u00a0\u00bb4.22.2&Prime; _module_preset=\u00a0\u00bbdefault\u00a0\u00bb global_colors_info=\u00a0\u00bb{}\u00a0\u00bb][et_pb_column type=\u00a0\u00bb4_4&Prime; _builder_version=\u00a0\u00bb4.22.2&Prime; _module_preset=\u00a0\u00bbdefault\u00a0\u00bb global_colors_info=\u00a0\u00bb{}\u00a0\u00bb][et_pb_portfolio fullwidth=\u00a0\u00bboff\u00a0\u00bb posts_number=\u00a0\u00bb20&Prime; include_categories=\u00a0\u00bb36025&Prime; show_categories=\u00a0\u00bboff\u00a0\u00bb hover_icon=\u00a0\u00bb$||divi||400&Prime; _builder_version=\u00a0\u00bb4.22.2&Prime; _module_preset=\u00a0\u00bbdefault\u00a0\u00bb title_font=\u00a0\u00bbNoto||||||||\u00a0\u00bb custom_css_portfolio_image=\u00a0\u00bbmax-height: 240px;||\u00a0\u00bb global_colors_info=\u00a0\u00bb{}\u00a0\u00bb][\/et_pb_portfolio][\/et_pb_column][\/et_pb_row][\/et_pb_section]<\/p>\n","protected":false},"excerpt":{"rendered":"<p>Ce coin de r\u00e9flexion sur la religion est un moyen de penser au-del\u00e0 des d\u00e9tails de notre site et de r\u00e9pondre aux questions : Qu&rsquo;est-ce que la litt\u00e9ratie religieuse civique? Comment l&rsquo;utilisez-vous ? Ces articles r\u00e9dig\u00e9s par les membres de l&rsquo;\u00e9quipe de la CLRC montrent comment la litt\u00e9ratie religieuse peut \u00eatre mise en pratique.<\/p>\n","protected":false},"author":29790131,"featured_media":0,"parent":0,"menu_order":0,"comment_status":"closed","ping_status":"closed","template":"","meta":{"_acf_changed":false,"_et_pb_use_builder":"on","_et_pb_old_content":"","_et_gb_content_width":"","_coblocks_attr":"","_coblocks_dimensions":"","_coblocks_responsive_height":"","_coblocks_accordion_ie_support":"","jetpack_post_was_ever_published":false,"footnotes":""},"class_list":["post-6097","page","type-page","status-publish","hentry"],"acf":[],"yoast_head":"<!-- This site is optimized with the Yoast SEO plugin v26.8 - https:\/\/yoast.com\/product\/yoast-seo-wordpress\/ -->\n<title>La litt\u00e9ratie religieuse Le coin de la pens\u00e9e%page%%%<\/title>\n<meta name=\"description\" content=\"Comment mettez-vous en pratique la litt\u00e9ratie religieuse ? Ces articles du Coin de la pens\u00e9e traitent de questions d&#039;actualit\u00e9 et vous montrent comment proc\u00e9der.\" \/>\n<meta name=\"robots\" content=\"index, follow, max-snippet:-1, max-image-preview:large, max-video-preview:-1\" \/>\n<link rel=\"canonical\" href=\"https:\/\/ccrl-clrc.ca\/fr\/le-coin-de-la-pensee\/\" \/>\n<meta property=\"og:locale\" content=\"fr_FR\" \/>\n<meta property=\"og:type\" content=\"article\" \/>\n<meta property=\"og:title\" content=\"La litt\u00e9ratie religieuse Le coin de la pens\u00e9e%page%%%\" \/>\n<meta property=\"og:description\" content=\"Comment mettez-vous en pratique la litt\u00e9ratie religieuse ? Ces articles du Coin de la pens\u00e9e traitent de questions d&#039;actualit\u00e9 et vous montrent comment proc\u00e9der.\" \/>\n<meta property=\"og:url\" content=\"https:\/\/ccrl-clrc.ca\/fr\/le-coin-de-la-pensee\/\" \/>\n<meta property=\"og:site_name\" content=\"Le centre de litt\u00e9ratie religieuse civique\" \/>\n<meta property=\"article:publisher\" content=\"https:\/\/www.facebook.com\/The-Centre-for-Civic-Religious-Literacy-2033697073383562\/\" \/>\n<meta property=\"article:modified_time\" content=\"2023-11-13T20:41:46+00:00\" \/>\n<meta name=\"twitter:card\" content=\"summary_large_image\" \/>\n<meta name=\"twitter:site\" content=\"@CcrlClrc\" \/>\n<meta name=\"twitter:label1\" content=\"Dur\u00e9e de lecture estim\u00e9e\" \/>\n\t<meta name=\"twitter:data1\" content=\"1 minute\" \/>\n<script type=\"application\/ld+json\" class=\"yoast-schema-graph\">{\"@context\":\"https:\/\/schema.org\",\"@graph\":[{\"@type\":\"WebPage\",\"@id\":\"https:\/\/ccrl-clrc.ca\/fr\/le-coin-de-la-pensee\/\",\"url\":\"https:\/\/ccrl-clrc.ca\/fr\/le-coin-de-la-pensee\/\",\"name\":\"La litt\u00e9ratie religieuse Le coin de la pens\u00e9e%page%%%\",\"isPartOf\":{\"@id\":\"https:\/\/ccrl-clrc.ca\/fr\/#website\"},\"datePublished\":\"2023-10-27T03:10:29+00:00\",\"dateModified\":\"2023-11-13T20:41:46+00:00\",\"description\":\"Comment mettez-vous en pratique la litt\u00e9ratie religieuse ? Ces articles du Coin de la pens\u00e9e traitent de questions d'actualit\u00e9 et vous montrent comment proc\u00e9der.\",\"breadcrumb\":{\"@id\":\"https:\/\/ccrl-clrc.ca\/fr\/le-coin-de-la-pensee\/#breadcrumb\"},\"inLanguage\":\"fr-FR\",\"potentialAction\":[{\"@type\":\"ReadAction\",\"target\":[\"https:\/\/ccrl-clrc.ca\/fr\/le-coin-de-la-pensee\/\"]}]},{\"@type\":\"BreadcrumbList\",\"@id\":\"https:\/\/ccrl-clrc.ca\/fr\/le-coin-de-la-pensee\/#breadcrumb\",\"itemListElement\":[{\"@type\":\"ListItem\",\"position\":1,\"name\":\"Accueil\",\"item\":\"https:\/\/ccrl-clrc.ca\/fr\/le-centre-de-litteratie-religieuse-civique-2\/\"},{\"@type\":\"ListItem\",\"position\":2,\"name\":\"Le coin de la pens\u00e9e\"}]},{\"@type\":\"WebSite\",\"@id\":\"https:\/\/ccrl-clrc.ca\/fr\/#website\",\"url\":\"https:\/\/ccrl-clrc.ca\/fr\/\",\"name\":\"Le centre de litt\u00e9ratie religieuse civique\",\"description\":\"Pour la promotion de la compr\u00e9hension au Canada\",\"publisher\":{\"@id\":\"https:\/\/ccrl-clrc.ca\/fr\/#organization\"},\"potentialAction\":[{\"@type\":\"SearchAction\",\"target\":{\"@type\":\"EntryPoint\",\"urlTemplate\":\"https:\/\/ccrl-clrc.ca\/fr\/?s={search_term_string}\"},\"query-input\":{\"@type\":\"PropertyValueSpecification\",\"valueRequired\":true,\"valueName\":\"search_term_string\"}}],\"inLanguage\":\"fr-FR\"},{\"@type\":\"Organization\",\"@id\":\"https:\/\/ccrl-clrc.ca\/fr\/#organization\",\"name\":\"Le centre de litt\u00e9ratie religieuse civique\",\"url\":\"https:\/\/ccrl-clrc.ca\/fr\/\",\"logo\":{\"@type\":\"ImageObject\",\"inLanguage\":\"fr-FR\",\"@id\":\"https:\/\/ccrl-clrc.ca\/fr\/#\/schema\/logo\/image\/\",\"url\":\"https:\/\/i2.wp.com\/ccrl-clrc.ca\/wp-content\/uploads\/2018\/10\/ccrl_logo.png?fit=1849%2C256&ssl=1\",\"contentUrl\":\"https:\/\/i2.wp.com\/ccrl-clrc.ca\/wp-content\/uploads\/2018\/10\/ccrl_logo.png?fit=1849%2C256&ssl=1\",\"width\":1849,\"height\":256,\"caption\":\"Le centre de litt\u00e9ratie religieuse civique\"},\"image\":{\"@id\":\"https:\/\/ccrl-clrc.ca\/fr\/#\/schema\/logo\/image\/\"},\"sameAs\":[\"https:\/\/www.facebook.com\/The-Centre-for-Civic-Religious-Literacy-2033697073383562\/\",\"https:\/\/x.com\/CcrlClrc\",\"https:\/\/www.instagram.com\/ccrl.clrc\/\",\"https:\/\/www.linkedin.com\/company\/ccrl-clrc\/\"]}]}<\/script>\n<!-- \/ Yoast SEO plugin. -->","yoast_head_json":{"title":"La litt\u00e9ratie religieuse Le coin de la pens\u00e9e%page%%%","description":"Comment mettez-vous en pratique la litt\u00e9ratie religieuse ? Ces articles du Coin de la pens\u00e9e traitent de questions d'actualit\u00e9 et vous montrent comment proc\u00e9der.","robots":{"index":"index","follow":"follow","max-snippet":"max-snippet:-1","max-image-preview":"max-image-preview:large","max-video-preview":"max-video-preview:-1"},"canonical":"https:\/\/ccrl-clrc.ca\/fr\/le-coin-de-la-pensee\/","og_locale":"fr_FR","og_type":"article","og_title":"La litt\u00e9ratie religieuse Le coin de la pens\u00e9e%page%%%","og_description":"Comment mettez-vous en pratique la litt\u00e9ratie religieuse ? Ces articles du Coin de la pens\u00e9e traitent de questions d'actualit\u00e9 et vous montrent comment proc\u00e9der.","og_url":"https:\/\/ccrl-clrc.ca\/fr\/le-coin-de-la-pensee\/","og_site_name":"Le centre de litt\u00e9ratie religieuse civique","article_publisher":"https:\/\/www.facebook.com\/The-Centre-for-Civic-Religious-Literacy-2033697073383562\/","article_modified_time":"2023-11-13T20:41:46+00:00","twitter_card":"summary_large_image","twitter_site":"@CcrlClrc","twitter_misc":{"Dur\u00e9e de lecture estim\u00e9e":"1 minute"},"schema":{"@context":"https:\/\/schema.org","@graph":[{"@type":"WebPage","@id":"https:\/\/ccrl-clrc.ca\/fr\/le-coin-de-la-pensee\/","url":"https:\/\/ccrl-clrc.ca\/fr\/le-coin-de-la-pensee\/","name":"La litt\u00e9ratie religieuse Le coin de la pens\u00e9e%page%%%","isPartOf":{"@id":"https:\/\/ccrl-clrc.ca\/fr\/#website"},"datePublished":"2023-10-27T03:10:29+00:00","dateModified":"2023-11-13T20:41:46+00:00","description":"Comment mettez-vous en pratique la litt\u00e9ratie religieuse ? Ces articles du Coin de la pens\u00e9e traitent de questions d'actualit\u00e9 et vous montrent comment proc\u00e9der.","breadcrumb":{"@id":"https:\/\/ccrl-clrc.ca\/fr\/le-coin-de-la-pensee\/#breadcrumb"},"inLanguage":"fr-FR","potentialAction":[{"@type":"ReadAction","target":["https:\/\/ccrl-clrc.ca\/fr\/le-coin-de-la-pensee\/"]}]},{"@type":"BreadcrumbList","@id":"https:\/\/ccrl-clrc.ca\/fr\/le-coin-de-la-pensee\/#breadcrumb","itemListElement":[{"@type":"ListItem","position":1,"name":"Accueil","item":"https:\/\/ccrl-clrc.ca\/fr\/le-centre-de-litteratie-religieuse-civique-2\/"},{"@type":"ListItem","position":2,"name":"Le coin de la pens\u00e9e"}]},{"@type":"WebSite","@id":"https:\/\/ccrl-clrc.ca\/fr\/#website","url":"https:\/\/ccrl-clrc.ca\/fr\/","name":"Le centre de litt\u00e9ratie religieuse civique","description":"Pour la promotion de la compr\u00e9hension au Canada","publisher":{"@id":"https:\/\/ccrl-clrc.ca\/fr\/#organization"},"potentialAction":[{"@type":"SearchAction","target":{"@type":"EntryPoint","urlTemplate":"https:\/\/ccrl-clrc.ca\/fr\/?s={search_term_string}"},"query-input":{"@type":"PropertyValueSpecification","valueRequired":true,"valueName":"search_term_string"}}],"inLanguage":"fr-FR"},{"@type":"Organization","@id":"https:\/\/ccrl-clrc.ca\/fr\/#organization","name":"Le centre de litt\u00e9ratie religieuse civique","url":"https:\/\/ccrl-clrc.ca\/fr\/","logo":{"@type":"ImageObject","inLanguage":"fr-FR","@id":"https:\/\/ccrl-clrc.ca\/fr\/#\/schema\/logo\/image\/","url":"https:\/\/i2.wp.com\/ccrl-clrc.ca\/wp-content\/uploads\/2018\/10\/ccrl_logo.png?fit=1849%2C256&ssl=1","contentUrl":"https:\/\/i2.wp.com\/ccrl-clrc.ca\/wp-content\/uploads\/2018\/10\/ccrl_logo.png?fit=1849%2C256&ssl=1","width":1849,"height":256,"caption":"Le centre de litt\u00e9ratie religieuse civique"},"image":{"@id":"https:\/\/ccrl-clrc.ca\/fr\/#\/schema\/logo\/image\/"},"sameAs":["https:\/\/www.facebook.com\/The-Centre-for-Civic-Religious-Literacy-2033697073383562\/","https:\/\/x.com\/CcrlClrc","https:\/\/www.instagram.com\/ccrl.clrc\/","https:\/\/www.linkedin.com\/company\/ccrl-clrc\/"]}]}},"jetpack_likes_enabled":false,"jetpack_sharing_enabled":false,"jetpack_shortlink":"https:\/\/wp.me\/PafvDM-1Al","amp_enabled":true,"_links":{"self":[{"href":"https:\/\/ccrl-clrc.ca\/fr\/wp-json\/wp\/v2\/pages\/6097","targetHints":{"allow":["GET"]}}],"collection":[{"href":"https:\/\/ccrl-clrc.ca\/fr\/wp-json\/wp\/v2\/pages"}],"about":[{"href":"https:\/\/ccrl-clrc.ca\/fr\/wp-json\/wp\/v2\/types\/page"}],"author":[{"embeddable":true,"href":"https:\/\/ccrl-clrc.ca\/fr\/wp-json\/wp\/v2\/users\/29790131"}],"replies":[{"embeddable":true,"href":"https:\/\/ccrl-clrc.ca\/fr\/wp-json\/wp\/v2\/comments?post=6097"}],"version-history":[{"count":13,"href":"https:\/\/ccrl-clrc.ca\/fr\/wp-json\/wp\/v2\/pages\/6097\/revisions"}],"predecessor-version":[{"id":6542,"href":"https:\/\/ccrl-clrc.ca\/fr\/wp-json\/wp\/v2\/pages\/6097\/revisions\/6542"}],"wp:attachment":[{"href":"https:\/\/ccrl-clrc.ca\/fr\/wp-json\/wp\/v2\/media?parent=6097"}],"curies":[{"name":"wp","href":"https:\/\/api.w.org\/{rel}","templated":true}]}}