{"id":4177,"date":"2022-02-02T17:00:02","date_gmt":"2022-02-02T17:00:02","guid":{"rendered":"https:\/\/ccrl-clrc.ca\/religious-literacy-videos\/"},"modified":"2023-10-30T18:29:29","modified_gmt":"2023-10-30T18:29:29","slug":"religious-literacy-videos","status":"publish","type":"page","link":"https:\/\/ccrl-clrc.ca\/fr\/religious-literacy-videos\/","title":{"rendered":"Nos vid\u00e9os"},"content":{"rendered":"<p style=\"text-align: center;\">Beaucoup de nos <a href=\"https:\/\/ccrl-clrc.ca\/projects\/\">projets<\/a> locaux sont sp\u00e9cifiques \u00e0 un groupe et concernent des conversations locales, ils ne sont donc pas enregistr\u00e9s. Certains <a href=\"https:\/\/ccrl-clrc.ca\/our-engagements\/\">engagements<\/a> sont confidentiels et ne sont pas enregistr\u00e9s afin de prot\u00e9ger la vie priv\u00e9e des participants et les pens\u00e9es, histoires et exp\u00e9riences qu&rsquo;ils partagent.<\/p>\n<p style=\"text-align: center;\">En m\u00eame temps, nous nous engageons dans de nombreux domaines de la soci\u00e9t\u00e9 et aupr\u00e8s de diff\u00e9rentes organisations qui visent \u00e0 sensibiliser le public et \u00e0 promouvoir la <a href=\"https:\/\/ccrl-clrc.ca\/work\/civic-religious-literacy\/\">litt\u00e9ratie religieuse<\/a> et son intersectionnalit\u00e9 (la mani\u00e8re dont la litt\u00e9ratie religieuse est li\u00e9e au racisme, \u00e0 la politique, \u00e0 l&rsquo;\u00e9conomie et \u00e0 d&rsquo;autres facteurs individuels et sociaux). Voici quelques-unes de ces vid\u00e9os.<\/p>\n<p>&nbsp;<\/p>\n<hr>\n<p><span class=\"embed-youtube\" style=\"text-align:center; display: block;\"><iframe loading=\"lazy\" class=\"youtube-player\" width=\"1080\" height=\"608\" src=\"https:\/\/www.youtube.com\/embed\/xEqBdvQOTg8?version=3&#038;rel=1&#038;showsearch=0&#038;showinfo=1&#038;iv_load_policy=1&#038;fs=1&#038;hl=fr-FR&#038;autohide=2&#038;start=1&#038;wmode=transparent\" allowfullscreen=\"true\" style=\"border:0;\" sandbox=\"allow-scripts allow-same-origin allow-popups allow-presentation allow-popups-to-escape-sandbox\"><\/iframe><\/span><\/p>\n<p>Mars 2022 a marqu\u00e9 le lancement de notre<a href=\"https:\/\/ccrl-clrc.ca\/anti-racism-toolkit\/\"> bo\u00eete \u00e0 outils contre le racisme<\/a>, qui comprenait une session de formation des formateurs pour le premier des huit ateliers de la bo\u00eete \u00e0 outils. Les partenaires du projet, <a href=\"https:\/\/victoriamultifaith.com\/?page_id=2\">Sheila Flood de la Victoria Multifaith Society<\/a> et <a href=\"https:\/\/www.linkedin.com\/in\/ivan-paquette-b4066163\/\">Ivan Paquette<\/a>, chef de file de la communaut\u00e9, ont coanim\u00e9 la discussion. Le projet a \u00e9t\u00e9 financ\u00e9 par la Vancouver Foundation et la BC Multiculturalism Branch.<\/p>\n<p>&nbsp;<\/p>\n<p><span class=\"embed-youtube\" style=\"text-align:center; display: block;\"><iframe loading=\"lazy\" class=\"youtube-player\" width=\"1080\" height=\"608\" src=\"https:\/\/www.youtube.com\/embed\/REJQjROSvAI?version=3&#038;rel=1&#038;showsearch=0&#038;showinfo=1&#038;iv_load_policy=1&#038;fs=1&#038;hl=fr-FR&#038;autohide=2&#038;wmode=transparent&#038;listType=playlist&#038;list=PLzB18NOpCcmSOSdEbEkahZE2LXbnzD3Z2\" allowfullscreen=\"true\" style=\"border:0;\" sandbox=\"allow-scripts allow-same-origin allow-popups allow-presentation allow-popups-to-escape-sandbox\"><\/iframe><\/span><\/p>\n<p>La <a href=\"https:\/\/ccrl-clrc.ca\/vanroundtable\/\">table ronde de Vancouver, intitul\u00e9e \u00ab\u00a0Racisme et soci\u00e9t\u00e9 civile : Recherche d&rsquo;un espace de dialogue\u00a0\u00bb.<\/a> Cette table ronde a \u00e9t\u00e9 organis\u00e9e conjointement avec la <a href=\"http:\/\/www.crrf-crfc.ca\">Fondation canadienne des relations raciales<\/a>. Haut-parleurs inclus :<\/p>\n<ul>\n<li><a href=\"https:\/\/bchumanrights.ca\/meet-the-commissioner\/\">Gouverneur de Kasari<\/a> , Commissaire aux droits de la personne de la Colombie-Britannique<\/li>\n<li><a href=\"https:\/\/www.linkedin.com\/in\/alison-dudley-b5296264\/?originalSubdomain=ca\">Alison Dudley<\/a> , directeur ex\u00e9cutif, Direction du multiculturalisme, minist\u00e8re du Tourisme, des Arts et de la Culture de la Colombie-Britannique<\/li>\n<li><a href=\"https:\/\/www.vsb.bc.ca\/District\/Board-of-Education\/Trustees\/Pages\/Jennifer-Reddy.aspx\">Jennifer Reddy<\/a> , administrateur, commission scolaire de Vancouver<\/li>\n<li><a href=\"https:\/\/www.dcrs.ca\/leadership-team\/laura-mannix\/\">Laura Mannix<\/a> , directeur du d\u00e9veloppement communautaire, DIVERSECity<\/li>\n<li><a href=\"https:\/\/www.uvic.ca\/equity\/about\/staff\/profiles\/magassa-moussa.php\">Dr Moussa Magassa<\/a> , conseiller en \u00e9ducation aux droits de la personne, Universit\u00e9 de Victoria<\/li>\n<\/ul>\n<p>La discussion a \u00e9t\u00e9 anim\u00e9e par <strong>Alim Fakirani<\/strong>, ancien directeur r\u00e9gional pour la Colombie-Britannique du Centre for Civic Religious Literacy.<\/p>\n<hr>\n<p>&nbsp;<\/p>\n<p>&nbsp;<\/p>\n<p><span class=\"embed-youtube\" style=\"text-align:center; display: block;\"><iframe loading=\"lazy\" class=\"youtube-player\" width=\"1080\" height=\"608\" src=\"https:\/\/www.youtube.com\/embed\/CcNls3kTdqA?version=3&#038;rel=1&#038;showsearch=0&#038;showinfo=1&#038;iv_load_policy=1&#038;fs=1&#038;hl=fr-FR&#038;autohide=2&#038;wmode=transparent\" allowfullscreen=\"true\" style=\"border:0;\" sandbox=\"allow-scripts allow-same-origin allow-popups allow-presentation allow-popups-to-escape-sandbox\"><\/iframe><\/span><\/p>\n<p>Enregistrement de janvier 2020 du <a href=\"https:\/\/www.humanistcanada.ca\/webinar-series-2020-bill-21-part-1-of-4\/\">webinaire de Humanist Canada sur \u00ab\u00a0Bill 21 : Understanding the Different Sides of the Tension\u00a0\u00bb,<\/a> pr\u00e9sent\u00e9 par <a href=\"https:\/\/ccrl-clrc.ca\/alice-chan\/\">Dr. W. Y. Alice Chan, la directrice ex\u00e9cutive du CCRL<\/a>.<\/p>\n","protected":false},"excerpt":{"rendered":"<p>Beaucoup de nos projets locaux sont sp\u00e9cifiques \u00e0 un groupe et concernent des conversations locales, ils ne sont donc pas enregistr\u00e9s. Certains engagements sont confidentiels et ne sont pas enregistr\u00e9s afin de prot\u00e9ger la vie priv\u00e9e des participants et les pens\u00e9es, histoires et exp\u00e9riences qu&rsquo;ils partagent. En m\u00eame temps, nous nous engageons dans de nombreux [&hellip;]<\/p>\n","protected":false},"author":29790131,"featured_media":0,"parent":0,"menu_order":0,"comment_status":"closed","ping_status":"closed","template":"","meta":{"_acf_changed":false,"_et_pb_use_builder":"","_et_pb_old_content":"","_et_gb_content_width":"","_coblocks_attr":"","_coblocks_dimensions":"","_coblocks_responsive_height":"","_coblocks_accordion_ie_support":"","_crdt_document":"","jetpack_post_was_ever_published":false,"footnotes":""},"class_list":["post-4177","page","type-page","status-publish","hentry"],"acf":[],"yoast_head":"<!-- This site is optimized with the Yoast SEO plugin v27.3 - https:\/\/yoast.com\/product\/yoast-seo-wordpress\/ -->\n<title>Nos vid\u00e9os<\/title>\n<meta name=\"description\" content=\"Voici quelques vid\u00e9os pour sensibiliser le public, promouvoir la litt\u00e9ratie religieuse et comprendre son intersectionnalit\u00e9 au Canada.\" \/>\n<meta name=\"robots\" content=\"index, follow, max-snippet:-1, max-image-preview:large, max-video-preview:-1\" \/>\n<link rel=\"canonical\" href=\"https:\/\/ccrl-clrc.ca\/fr\/religious-literacy-videos\/\" \/>\n<meta property=\"og:locale\" content=\"fr_FR\" \/>\n<meta property=\"og:type\" content=\"article\" \/>\n<meta property=\"og:title\" content=\"Nos vid\u00e9os\" \/>\n<meta property=\"og:description\" content=\"Voici quelques vid\u00e9os pour sensibiliser le public, promouvoir la litt\u00e9ratie religieuse et comprendre son intersectionnalit\u00e9 au Canada.\" \/>\n<meta property=\"og:url\" content=\"https:\/\/ccrl-clrc.ca\/fr\/religious-literacy-videos\/\" \/>\n<meta property=\"og:site_name\" content=\"Le centre de litt\u00e9ratie religieuse civique\" \/>\n<meta property=\"article:publisher\" content=\"https:\/\/www.facebook.com\/The-Centre-for-Civic-Religious-Literacy-2033697073383562\/\" \/>\n<meta property=\"article:modified_time\" content=\"2023-10-30T18:29:29+00:00\" \/>\n<meta name=\"twitter:card\" content=\"summary_large_image\" \/>\n<meta name=\"twitter:site\" content=\"@CcrlClrc\" \/>\n<meta name=\"twitter:label1\" content=\"Dur\u00e9e de lecture estim\u00e9e\" \/>\n\t<meta name=\"twitter:data1\" content=\"2 minutes\" \/>\n<script type=\"application\/ld+json\" class=\"yoast-schema-graph\">{\"@context\":\"https:\\\/\\\/schema.org\",\"@graph\":[{\"@type\":\"WebPage\",\"@id\":\"https:\\\/\\\/ccrl-clrc.ca\\\/fr\\\/religious-literacy-videos\\\/\",\"url\":\"https:\\\/\\\/ccrl-clrc.ca\\\/fr\\\/religious-literacy-videos\\\/\",\"name\":\"Nos vid\u00e9os\",\"isPartOf\":{\"@id\":\"https:\\\/\\\/ccrl-clrc.ca\\\/fr\\\/#website\"},\"datePublished\":\"2022-02-02T17:00:02+00:00\",\"dateModified\":\"2023-10-30T18:29:29+00:00\",\"description\":\"Voici quelques vid\u00e9os pour sensibiliser le public, promouvoir la litt\u00e9ratie religieuse et comprendre son intersectionnalit\u00e9 au Canada.\",\"breadcrumb\":{\"@id\":\"https:\\\/\\\/ccrl-clrc.ca\\\/fr\\\/religious-literacy-videos\\\/#breadcrumb\"},\"inLanguage\":\"fr-FR\",\"potentialAction\":[{\"@type\":\"ReadAction\",\"target\":[\"https:\\\/\\\/ccrl-clrc.ca\\\/fr\\\/religious-literacy-videos\\\/\"]}]},{\"@type\":\"BreadcrumbList\",\"@id\":\"https:\\\/\\\/ccrl-clrc.ca\\\/fr\\\/religious-literacy-videos\\\/#breadcrumb\",\"itemListElement\":[{\"@type\":\"ListItem\",\"position\":1,\"name\":\"Accueil\",\"item\":\"https:\\\/\\\/ccrl-clrc.ca\\\/fr\\\/le-centre-de-litteratie-religieuse-civique-2\\\/\"},{\"@type\":\"ListItem\",\"position\":2,\"name\":\"Nos vid\u00e9os\"}]},{\"@type\":\"WebSite\",\"@id\":\"https:\\\/\\\/ccrl-clrc.ca\\\/fr\\\/#website\",\"url\":\"https:\\\/\\\/ccrl-clrc.ca\\\/fr\\\/\",\"name\":\"Le centre de litt\u00e9ratie religieuse civique\",\"description\":\"Pour la promotion de la compr\u00e9hension au Canada\",\"publisher\":{\"@id\":\"https:\\\/\\\/ccrl-clrc.ca\\\/fr\\\/#organization\"},\"potentialAction\":[{\"@type\":\"SearchAction\",\"target\":{\"@type\":\"EntryPoint\",\"urlTemplate\":\"https:\\\/\\\/ccrl-clrc.ca\\\/fr\\\/?s={search_term_string}\"},\"query-input\":{\"@type\":\"PropertyValueSpecification\",\"valueRequired\":true,\"valueName\":\"search_term_string\"}}],\"inLanguage\":\"fr-FR\"},{\"@type\":\"Organization\",\"@id\":\"https:\\\/\\\/ccrl-clrc.ca\\\/fr\\\/#organization\",\"name\":\"Le centre de litt\u00e9ratie religieuse civique\",\"url\":\"https:\\\/\\\/ccrl-clrc.ca\\\/fr\\\/\",\"logo\":{\"@type\":\"ImageObject\",\"inLanguage\":\"fr-FR\",\"@id\":\"https:\\\/\\\/ccrl-clrc.ca\\\/fr\\\/#\\\/schema\\\/logo\\\/image\\\/\",\"url\":\"https:\\\/\\\/i2.wp.com\\\/ccrl-clrc.ca\\\/wp-content\\\/uploads\\\/2018\\\/10\\\/ccrl_logo.png?fit=1849%2C256&ssl=1\",\"contentUrl\":\"https:\\\/\\\/i2.wp.com\\\/ccrl-clrc.ca\\\/wp-content\\\/uploads\\\/2018\\\/10\\\/ccrl_logo.png?fit=1849%2C256&ssl=1\",\"width\":1849,\"height\":256,\"caption\":\"Le centre de litt\u00e9ratie religieuse civique\"},\"image\":{\"@id\":\"https:\\\/\\\/ccrl-clrc.ca\\\/fr\\\/#\\\/schema\\\/logo\\\/image\\\/\"},\"sameAs\":[\"https:\\\/\\\/www.facebook.com\\\/The-Centre-for-Civic-Religious-Literacy-2033697073383562\\\/\",\"https:\\\/\\\/x.com\\\/CcrlClrc\",\"https:\\\/\\\/www.instagram.com\\\/ccrl.clrc\\\/\",\"https:\\\/\\\/www.linkedin.com\\\/company\\\/ccrl-clrc\\\/\"]}]}<\/script>\n<!-- \/ Yoast SEO plugin. -->","yoast_head_json":{"title":"Nos vid\u00e9os","description":"Voici quelques vid\u00e9os pour sensibiliser le public, promouvoir la litt\u00e9ratie religieuse et comprendre son intersectionnalit\u00e9 au Canada.","robots":{"index":"index","follow":"follow","max-snippet":"max-snippet:-1","max-image-preview":"max-image-preview:large","max-video-preview":"max-video-preview:-1"},"canonical":"https:\/\/ccrl-clrc.ca\/fr\/religious-literacy-videos\/","og_locale":"fr_FR","og_type":"article","og_title":"Nos vid\u00e9os","og_description":"Voici quelques vid\u00e9os pour sensibiliser le public, promouvoir la litt\u00e9ratie religieuse et comprendre son intersectionnalit\u00e9 au Canada.","og_url":"https:\/\/ccrl-clrc.ca\/fr\/religious-literacy-videos\/","og_site_name":"Le centre de litt\u00e9ratie religieuse civique","article_publisher":"https:\/\/www.facebook.com\/The-Centre-for-Civic-Religious-Literacy-2033697073383562\/","article_modified_time":"2023-10-30T18:29:29+00:00","twitter_card":"summary_large_image","twitter_site":"@CcrlClrc","twitter_misc":{"Dur\u00e9e de lecture estim\u00e9e":"2 minutes"},"schema":{"@context":"https:\/\/schema.org","@graph":[{"@type":"WebPage","@id":"https:\/\/ccrl-clrc.ca\/fr\/religious-literacy-videos\/","url":"https:\/\/ccrl-clrc.ca\/fr\/religious-literacy-videos\/","name":"Nos vid\u00e9os","isPartOf":{"@id":"https:\/\/ccrl-clrc.ca\/fr\/#website"},"datePublished":"2022-02-02T17:00:02+00:00","dateModified":"2023-10-30T18:29:29+00:00","description":"Voici quelques vid\u00e9os pour sensibiliser le public, promouvoir la litt\u00e9ratie religieuse et comprendre son intersectionnalit\u00e9 au Canada.","breadcrumb":{"@id":"https:\/\/ccrl-clrc.ca\/fr\/religious-literacy-videos\/#breadcrumb"},"inLanguage":"fr-FR","potentialAction":[{"@type":"ReadAction","target":["https:\/\/ccrl-clrc.ca\/fr\/religious-literacy-videos\/"]}]},{"@type":"BreadcrumbList","@id":"https:\/\/ccrl-clrc.ca\/fr\/religious-literacy-videos\/#breadcrumb","itemListElement":[{"@type":"ListItem","position":1,"name":"Accueil","item":"https:\/\/ccrl-clrc.ca\/fr\/le-centre-de-litteratie-religieuse-civique-2\/"},{"@type":"ListItem","position":2,"name":"Nos vid\u00e9os"}]},{"@type":"WebSite","@id":"https:\/\/ccrl-clrc.ca\/fr\/#website","url":"https:\/\/ccrl-clrc.ca\/fr\/","name":"Le centre de litt\u00e9ratie religieuse civique","description":"Pour la promotion de la compr\u00e9hension au Canada","publisher":{"@id":"https:\/\/ccrl-clrc.ca\/fr\/#organization"},"potentialAction":[{"@type":"SearchAction","target":{"@type":"EntryPoint","urlTemplate":"https:\/\/ccrl-clrc.ca\/fr\/?s={search_term_string}"},"query-input":{"@type":"PropertyValueSpecification","valueRequired":true,"valueName":"search_term_string"}}],"inLanguage":"fr-FR"},{"@type":"Organization","@id":"https:\/\/ccrl-clrc.ca\/fr\/#organization","name":"Le centre de litt\u00e9ratie religieuse civique","url":"https:\/\/ccrl-clrc.ca\/fr\/","logo":{"@type":"ImageObject","inLanguage":"fr-FR","@id":"https:\/\/ccrl-clrc.ca\/fr\/#\/schema\/logo\/image\/","url":"https:\/\/i2.wp.com\/ccrl-clrc.ca\/wp-content\/uploads\/2018\/10\/ccrl_logo.png?fit=1849%2C256&ssl=1","contentUrl":"https:\/\/i2.wp.com\/ccrl-clrc.ca\/wp-content\/uploads\/2018\/10\/ccrl_logo.png?fit=1849%2C256&ssl=1","width":1849,"height":256,"caption":"Le centre de litt\u00e9ratie religieuse civique"},"image":{"@id":"https:\/\/ccrl-clrc.ca\/fr\/#\/schema\/logo\/image\/"},"sameAs":["https:\/\/www.facebook.com\/The-Centre-for-Civic-Religious-Literacy-2033697073383562\/","https:\/\/x.com\/CcrlClrc","https:\/\/www.instagram.com\/ccrl.clrc\/","https:\/\/www.linkedin.com\/company\/ccrl-clrc\/"]}]}},"jetpack_likes_enabled":false,"jetpack_sharing_enabled":false,"jetpack_shortlink":"https:\/\/wp.me\/PafvDM-15n","amp_enabled":true,"_links":{"self":[{"href":"https:\/\/ccrl-clrc.ca\/fr\/wp-json\/wp\/v2\/pages\/4177","targetHints":{"allow":["GET"]}}],"collection":[{"href":"https:\/\/ccrl-clrc.ca\/fr\/wp-json\/wp\/v2\/pages"}],"about":[{"href":"https:\/\/ccrl-clrc.ca\/fr\/wp-json\/wp\/v2\/types\/page"}],"author":[{"embeddable":true,"href":"https:\/\/ccrl-clrc.ca\/fr\/wp-json\/wp\/v2\/users\/29790131"}],"replies":[{"embeddable":true,"href":"https:\/\/ccrl-clrc.ca\/fr\/wp-json\/wp\/v2\/comments?post=4177"}],"version-history":[{"count":3,"href":"https:\/\/ccrl-clrc.ca\/fr\/wp-json\/wp\/v2\/pages\/4177\/revisions"}],"predecessor-version":[{"id":6306,"href":"https:\/\/ccrl-clrc.ca\/fr\/wp-json\/wp\/v2\/pages\/4177\/revisions\/6306"}],"wp:attachment":[{"href":"https:\/\/ccrl-clrc.ca\/fr\/wp-json\/wp\/v2\/media?parent=4177"}],"curies":[{"name":"wp","href":"https:\/\/api.w.org\/{rel}","templated":true}]}}