{"id":3805,"date":"2021-10-16T20:13:40","date_gmt":"2021-10-16T20:13:40","guid":{"rendered":"https:\/\/ccrl-clrc.ca\/notre-approche\/"},"modified":"2023-11-09T18:53:50","modified_gmt":"2023-11-09T18:53:50","slug":"notre-approche","status":"publish","type":"page","link":"https:\/\/ccrl-clrc.ca\/fr\/notre-approche\/","title":{"rendered":"Notre approche"},"content":{"rendered":"<p><span style=\"font-weight: 400;\">Nous offrons des programmes d&rsquo;\u00e9ducation et de formation sur<a href=\"http:\/\/ccrl-clrc.ca\/work\/what-is-civic-religious-literacy\/\"> la litt\u00e9ratie religieuse civique<\/a> \u00e0: <\/span><\/p>\n<p>&nbsp;<\/p>\n<p><img data-recalc-dims=\"1\" loading=\"lazy\" decoding=\"async\" class=\"alignnone size-full wp-image-651\" src=\"https:\/\/i0.wp.com\/ccrl-clrc.ca\/wp-content\/uploads\/2018\/11\/clients2.png?resize=1080%2C347&#038;ssl=1\" alt=\"Clients2\" width=\"1080\" height=\"347\"><\/p>\n<p>&nbsp;<\/p>\n<p><span style=\"font-weight: 400;\">Chaque programme de d\u00e9veloppement \u00e9ducatif\/professionnel est con\u00e7u pour les besoins r\u00e9gionaux, th\u00e9matiques et industriels de nos clients, sur la base de notre cadre unique qui prend en compte<\/span> connaissances r\u00e9gionales, th\u00e9matiques et sectorielles.<\/p>\n<p>&nbsp;<\/p>\n<p><img data-recalc-dims=\"1\" loading=\"lazy\" decoding=\"async\" class=\"aligncenter wp-image-5942 \" src=\"https:\/\/i0.wp.com\/ccrl-clrc.ca\/wp-content\/uploads\/2023\/10\/CCRL-Approach-2.png?resize=494%2C329&#038;ssl=1\" alt=\"Une image qui illustre que le travail du CCRL est fond\u00e9 sur des donn\u00e9es probantes, \u00e9clair\u00e9 par une perspective locale et men\u00e9 en collaboration avec des organisations partenaires.\" width=\"494\" height=\"329\"><\/p>\n<p>&nbsp;<\/p>\n<p>Dans cette approche, nous travaillons aux c\u00f4t\u00e9s des dirigeants communautaires, des a\u00een\u00e9s et des gardiens du savoir dans les communaut\u00e9s locales pour d\u00e9velopper et offrir notre programmation.<\/p>\n<p>En utilisant une approche de type conseil, chaque programme progresse en trois phases : nous \u00e9valuons vos besoins, nous concevons un programme appropri\u00e9 pour vous, puis nous le partageons avec vos \u00e9tudiants ou votre personnel.<\/p>\n<p>Cette approche est bas\u00e9e sur nos recherches qui montrent qu&rsquo;un soutien soci\u00e9tal est n\u00e9cessaire pour encourager la compr\u00e9hension de la litt\u00e9ratie religieuse \u00e0 tous les niveaux. Par cons\u00e9quent, nous proposons des programmes d&rsquo;\u00e9ducation et de d\u00e9veloppement professionnel afin d&rsquo;encourager la litt\u00e9ratie religieuse civique dans les nombreuses parties de la soci\u00e9t\u00e9 qui l&rsquo;influencent<\/p>\n<p><span style=\"font-weight: 400;\">Si vous souhaitez en savoir plus sur nos programmes, veuillez contacter <a href=\"mailto:info@ccrl-clrc.ca\">info@ccrl-clrc.ca<\/a>.  <\/span><\/p>\n<p>&nbsp;<\/p>\n","protected":false},"excerpt":{"rendered":"<p>Nous offrons des programmes d&rsquo;\u00e9ducation et de formation sur la litt\u00e9ratie religieuse civique \u00e0: &nbsp; &nbsp; Chaque programme de d\u00e9veloppement \u00e9ducatif\/professionnel est con\u00e7u pour les besoins r\u00e9gionaux, th\u00e9matiques et industriels de nos clients, sur la base de notre cadre unique qui prend en compte connaissances r\u00e9gionales, th\u00e9matiques et sectorielles. &nbsp; &nbsp; Dans cette approche, nous [&hellip;]<\/p>\n","protected":false},"author":29790131,"featured_media":0,"parent":0,"menu_order":0,"comment_status":"closed","ping_status":"closed","template":"","meta":{"_acf_changed":false,"_et_pb_use_builder":"","_et_pb_old_content":"","_et_gb_content_width":"","_coblocks_attr":"","_coblocks_dimensions":"","_coblocks_responsive_height":"","_coblocks_accordion_ie_support":"","_crdt_document":"","jetpack_post_was_ever_published":false,"footnotes":""},"class_list":["post-3805","page","type-page","status-publish","hentry"],"acf":[],"yoast_head":"<!-- This site is optimized with the Yoast SEO plugin v27.0 - https:\/\/yoast.com\/product\/yoast-seo-wordpress\/ -->\n<title>Notre approche<\/title>\n<meta name=\"description\" content=\"Nous concevons et d\u00e9veloppons des initiatives \u00e9ducatives sur la litt\u00e9ratie religieuse civique\" \/>\n<meta name=\"robots\" content=\"index, follow, max-snippet:-1, max-image-preview:large, max-video-preview:-1\" \/>\n<link rel=\"canonical\" href=\"https:\/\/ccrl-clrc.ca\/fr\/notre-approche\/\" \/>\n<meta property=\"og:locale\" content=\"fr_FR\" \/>\n<meta property=\"og:type\" content=\"article\" \/>\n<meta property=\"og:title\" content=\"Notre approche\" \/>\n<meta property=\"og:description\" content=\"Nous concevons et d\u00e9veloppons des initiatives \u00e9ducatives sur la litt\u00e9ratie religieuse civique\" \/>\n<meta property=\"og:url\" content=\"https:\/\/ccrl-clrc.ca\/fr\/notre-approche\/\" \/>\n<meta property=\"og:site_name\" content=\"Le centre de litt\u00e9ratie religieuse civique\" \/>\n<meta property=\"article:publisher\" content=\"https:\/\/www.facebook.com\/The-Centre-for-Civic-Religious-Literacy-2033697073383562\/\" \/>\n<meta property=\"article:modified_time\" content=\"2023-11-09T18:53:50+00:00\" \/>\n<meta property=\"og:image\" content=\"https:\/\/ccrl-clrc.ca\/wp-content\/uploads\/2018\/11\/clients2.png\" \/>\n<meta name=\"twitter:card\" content=\"summary_large_image\" \/>\n<meta name=\"twitter:site\" content=\"@CcrlClrc\" \/>\n<meta name=\"twitter:label1\" content=\"Dur\u00e9e de lecture estim\u00e9e\" \/>\n\t<meta name=\"twitter:data1\" content=\"1 minute\" \/>\n<script type=\"application\/ld+json\" class=\"yoast-schema-graph\">{\"@context\":\"https:\/\/schema.org\",\"@graph\":[{\"@type\":\"WebPage\",\"@id\":\"https:\/\/ccrl-clrc.ca\/fr\/notre-approche\/\",\"url\":\"https:\/\/ccrl-clrc.ca\/fr\/notre-approche\/\",\"name\":\"Notre approche\",\"isPartOf\":{\"@id\":\"https:\/\/ccrl-clrc.ca\/fr\/#website\"},\"primaryImageOfPage\":{\"@id\":\"https:\/\/ccrl-clrc.ca\/fr\/notre-approche\/#primaryimage\"},\"image\":{\"@id\":\"https:\/\/ccrl-clrc.ca\/fr\/notre-approche\/#primaryimage\"},\"thumbnailUrl\":\"https:\/\/ccrl-clrc.ca\/wp-content\/uploads\/2018\/11\/clients2.png\",\"datePublished\":\"2021-10-16T20:13:40+00:00\",\"dateModified\":\"2023-11-09T18:53:50+00:00\",\"description\":\"Nous concevons et d\u00e9veloppons des initiatives \u00e9ducatives sur la litt\u00e9ratie religieuse civique\",\"breadcrumb\":{\"@id\":\"https:\/\/ccrl-clrc.ca\/fr\/notre-approche\/#breadcrumb\"},\"inLanguage\":\"fr-FR\",\"potentialAction\":[{\"@type\":\"ReadAction\",\"target\":[\"https:\/\/ccrl-clrc.ca\/fr\/notre-approche\/\"]}]},{\"@type\":\"ImageObject\",\"inLanguage\":\"fr-FR\",\"@id\":\"https:\/\/ccrl-clrc.ca\/fr\/notre-approche\/#primaryimage\",\"url\":\"https:\/\/ccrl-clrc.ca\/wp-content\/uploads\/2018\/11\/clients2.png\",\"contentUrl\":\"https:\/\/ccrl-clrc.ca\/wp-content\/uploads\/2018\/11\/clients2.png\"},{\"@type\":\"BreadcrumbList\",\"@id\":\"https:\/\/ccrl-clrc.ca\/fr\/notre-approche\/#breadcrumb\",\"itemListElement\":[{\"@type\":\"ListItem\",\"position\":1,\"name\":\"Accueil\",\"item\":\"https:\/\/ccrl-clrc.ca\/fr\/le-centre-de-litteratie-religieuse-civique-2\/\"},{\"@type\":\"ListItem\",\"position\":2,\"name\":\"Notre approche\"}]},{\"@type\":\"WebSite\",\"@id\":\"https:\/\/ccrl-clrc.ca\/fr\/#website\",\"url\":\"https:\/\/ccrl-clrc.ca\/fr\/\",\"name\":\"Le centre de litt\u00e9ratie religieuse civique\",\"description\":\"Pour la promotion de la compr\u00e9hension au Canada\",\"publisher\":{\"@id\":\"https:\/\/ccrl-clrc.ca\/fr\/#organization\"},\"potentialAction\":[{\"@type\":\"SearchAction\",\"target\":{\"@type\":\"EntryPoint\",\"urlTemplate\":\"https:\/\/ccrl-clrc.ca\/fr\/?s={search_term_string}\"},\"query-input\":{\"@type\":\"PropertyValueSpecification\",\"valueRequired\":true,\"valueName\":\"search_term_string\"}}],\"inLanguage\":\"fr-FR\"},{\"@type\":\"Organization\",\"@id\":\"https:\/\/ccrl-clrc.ca\/fr\/#organization\",\"name\":\"Le centre de litt\u00e9ratie religieuse civique\",\"url\":\"https:\/\/ccrl-clrc.ca\/fr\/\",\"logo\":{\"@type\":\"ImageObject\",\"inLanguage\":\"fr-FR\",\"@id\":\"https:\/\/ccrl-clrc.ca\/fr\/#\/schema\/logo\/image\/\",\"url\":\"https:\/\/i2.wp.com\/ccrl-clrc.ca\/wp-content\/uploads\/2018\/10\/ccrl_logo.png?fit=1849%2C256&ssl=1\",\"contentUrl\":\"https:\/\/i2.wp.com\/ccrl-clrc.ca\/wp-content\/uploads\/2018\/10\/ccrl_logo.png?fit=1849%2C256&ssl=1\",\"width\":1849,\"height\":256,\"caption\":\"Le centre de litt\u00e9ratie religieuse civique\"},\"image\":{\"@id\":\"https:\/\/ccrl-clrc.ca\/fr\/#\/schema\/logo\/image\/\"},\"sameAs\":[\"https:\/\/www.facebook.com\/The-Centre-for-Civic-Religious-Literacy-2033697073383562\/\",\"https:\/\/x.com\/CcrlClrc\",\"https:\/\/www.instagram.com\/ccrl.clrc\/\",\"https:\/\/www.linkedin.com\/company\/ccrl-clrc\/\"]}]}<\/script>\n<!-- \/ Yoast SEO plugin. -->","yoast_head_json":{"title":"Notre approche","description":"Nous concevons et d\u00e9veloppons des initiatives \u00e9ducatives sur la litt\u00e9ratie religieuse civique","robots":{"index":"index","follow":"follow","max-snippet":"max-snippet:-1","max-image-preview":"max-image-preview:large","max-video-preview":"max-video-preview:-1"},"canonical":"https:\/\/ccrl-clrc.ca\/fr\/notre-approche\/","og_locale":"fr_FR","og_type":"article","og_title":"Notre approche","og_description":"Nous concevons et d\u00e9veloppons des initiatives \u00e9ducatives sur la litt\u00e9ratie religieuse civique","og_url":"https:\/\/ccrl-clrc.ca\/fr\/notre-approche\/","og_site_name":"Le centre de litt\u00e9ratie religieuse civique","article_publisher":"https:\/\/www.facebook.com\/The-Centre-for-Civic-Religious-Literacy-2033697073383562\/","article_modified_time":"2023-11-09T18:53:50+00:00","og_image":[{"url":"https:\/\/ccrl-clrc.ca\/wp-content\/uploads\/2018\/11\/clients2.png","type":"","width":"","height":""}],"twitter_card":"summary_large_image","twitter_site":"@CcrlClrc","twitter_misc":{"Dur\u00e9e de lecture estim\u00e9e":"1 minute"},"schema":{"@context":"https:\/\/schema.org","@graph":[{"@type":"WebPage","@id":"https:\/\/ccrl-clrc.ca\/fr\/notre-approche\/","url":"https:\/\/ccrl-clrc.ca\/fr\/notre-approche\/","name":"Notre approche","isPartOf":{"@id":"https:\/\/ccrl-clrc.ca\/fr\/#website"},"primaryImageOfPage":{"@id":"https:\/\/ccrl-clrc.ca\/fr\/notre-approche\/#primaryimage"},"image":{"@id":"https:\/\/ccrl-clrc.ca\/fr\/notre-approche\/#primaryimage"},"thumbnailUrl":"https:\/\/ccrl-clrc.ca\/wp-content\/uploads\/2018\/11\/clients2.png","datePublished":"2021-10-16T20:13:40+00:00","dateModified":"2023-11-09T18:53:50+00:00","description":"Nous concevons et d\u00e9veloppons des initiatives \u00e9ducatives sur la litt\u00e9ratie religieuse civique","breadcrumb":{"@id":"https:\/\/ccrl-clrc.ca\/fr\/notre-approche\/#breadcrumb"},"inLanguage":"fr-FR","potentialAction":[{"@type":"ReadAction","target":["https:\/\/ccrl-clrc.ca\/fr\/notre-approche\/"]}]},{"@type":"ImageObject","inLanguage":"fr-FR","@id":"https:\/\/ccrl-clrc.ca\/fr\/notre-approche\/#primaryimage","url":"https:\/\/ccrl-clrc.ca\/wp-content\/uploads\/2018\/11\/clients2.png","contentUrl":"https:\/\/ccrl-clrc.ca\/wp-content\/uploads\/2018\/11\/clients2.png"},{"@type":"BreadcrumbList","@id":"https:\/\/ccrl-clrc.ca\/fr\/notre-approche\/#breadcrumb","itemListElement":[{"@type":"ListItem","position":1,"name":"Accueil","item":"https:\/\/ccrl-clrc.ca\/fr\/le-centre-de-litteratie-religieuse-civique-2\/"},{"@type":"ListItem","position":2,"name":"Notre approche"}]},{"@type":"WebSite","@id":"https:\/\/ccrl-clrc.ca\/fr\/#website","url":"https:\/\/ccrl-clrc.ca\/fr\/","name":"Le centre de litt\u00e9ratie religieuse civique","description":"Pour la promotion de la compr\u00e9hension au Canada","publisher":{"@id":"https:\/\/ccrl-clrc.ca\/fr\/#organization"},"potentialAction":[{"@type":"SearchAction","target":{"@type":"EntryPoint","urlTemplate":"https:\/\/ccrl-clrc.ca\/fr\/?s={search_term_string}"},"query-input":{"@type":"PropertyValueSpecification","valueRequired":true,"valueName":"search_term_string"}}],"inLanguage":"fr-FR"},{"@type":"Organization","@id":"https:\/\/ccrl-clrc.ca\/fr\/#organization","name":"Le centre de litt\u00e9ratie religieuse civique","url":"https:\/\/ccrl-clrc.ca\/fr\/","logo":{"@type":"ImageObject","inLanguage":"fr-FR","@id":"https:\/\/ccrl-clrc.ca\/fr\/#\/schema\/logo\/image\/","url":"https:\/\/i2.wp.com\/ccrl-clrc.ca\/wp-content\/uploads\/2018\/10\/ccrl_logo.png?fit=1849%2C256&ssl=1","contentUrl":"https:\/\/i2.wp.com\/ccrl-clrc.ca\/wp-content\/uploads\/2018\/10\/ccrl_logo.png?fit=1849%2C256&ssl=1","width":1849,"height":256,"caption":"Le centre de litt\u00e9ratie religieuse civique"},"image":{"@id":"https:\/\/ccrl-clrc.ca\/fr\/#\/schema\/logo\/image\/"},"sameAs":["https:\/\/www.facebook.com\/The-Centre-for-Civic-Religious-Literacy-2033697073383562\/","https:\/\/x.com\/CcrlClrc","https:\/\/www.instagram.com\/ccrl.clrc\/","https:\/\/www.linkedin.com\/company\/ccrl-clrc\/"]}]}},"jetpack_likes_enabled":false,"jetpack_sharing_enabled":false,"jetpack_shortlink":"https:\/\/wp.me\/PafvDM-Zn","amp_enabled":true,"_links":{"self":[{"href":"https:\/\/ccrl-clrc.ca\/fr\/wp-json\/wp\/v2\/pages\/3805","targetHints":{"allow":["GET"]}}],"collection":[{"href":"https:\/\/ccrl-clrc.ca\/fr\/wp-json\/wp\/v2\/pages"}],"about":[{"href":"https:\/\/ccrl-clrc.ca\/fr\/wp-json\/wp\/v2\/types\/page"}],"author":[{"embeddable":true,"href":"https:\/\/ccrl-clrc.ca\/fr\/wp-json\/wp\/v2\/users\/29790131"}],"replies":[{"embeddable":true,"href":"https:\/\/ccrl-clrc.ca\/fr\/wp-json\/wp\/v2\/comments?post=3805"}],"version-history":[{"count":4,"href":"https:\/\/ccrl-clrc.ca\/fr\/wp-json\/wp\/v2\/pages\/3805\/revisions"}],"predecessor-version":[{"id":6400,"href":"https:\/\/ccrl-clrc.ca\/fr\/wp-json\/wp\/v2\/pages\/3805\/revisions\/6400"}],"wp:attachment":[{"href":"https:\/\/ccrl-clrc.ca\/fr\/wp-json\/wp\/v2\/media?parent=3805"}],"curies":[{"name":"wp","href":"https:\/\/api.w.org\/{rel}","templated":true}]}}