{"id":3801,"date":"2021-10-16T20:13:40","date_gmt":"2021-10-16T20:13:40","guid":{"rendered":"https:\/\/ccrl-clrc.ca\/mission-et-vision\/"},"modified":"2023-11-13T20:43:03","modified_gmt":"2023-11-13T20:43:03","slug":"mission-et-vision","status":"publish","type":"page","link":"https:\/\/ccrl-clrc.ca\/fr\/mission-et-vision\/","title":{"rendered":"Notre mission et notre vision"},"content":{"rendered":"<p>&nbsp;<\/p>\n<h2 style=\"text-align: center;\">Mission<\/h2>\n<p>&nbsp;<\/p>\n<ol>\n<li><strong>Reconna\u00eetre et aider<\/strong> tous les citoyens de la soci\u00e9t\u00e9 canadienne reconnaissent et comprennent :<\/li>\n<\/ol>\n<ul>\n<li>la multiplicit\u00e9 des identit\u00e9s, des traditions et des visions du monde religieuses, spirituelles et non religieuses des peuples du Canada et du monde entier, et la<\/li>\n<li>\u00e0 l&rsquo;int\u00e9rieur de chaque tradition religieuse et non religieuse, par le biais d&rsquo;approches fond\u00e9es sur la recherche.<\/li>\n<\/ul>\n<ol start=\"2\">\n<li><strong>Promouvoir la<\/strong> <a href=\"https:\/\/ccrl-clrc.ca\/work\/what-is-civic-religious-literacy\/\">litt\u00e9ratie religieuse<\/a> par des initiatives dans des contextes professionnels, scolaires et communautaires.<\/li>\n<\/ol>\n<p>&nbsp;<\/p>\n<p>&nbsp;<\/p>\n<hr>\n<h2><\/h2>\n<p>&nbsp;<\/p>\n<h2 style=\"text-align: center;\">Vision<\/h2>\n<p>&nbsp;<\/p>\n<p style=\"text-align: left;\">La CLRC s&rsquo;efforce d&rsquo;aider les individus dans diverses sph\u00e8res de la soci\u00e9t\u00e9 \u00e0 reconna\u00eetre la richesse et les contributions des identit\u00e9s religieuses, spirituelles et non religieuses des peuples au Canada et dans le monde. Ce faisant, nous donnons aux individus les moyens de comprendre et de reconna\u00eetre les diff\u00e9rences des uns et des autres comme des contributions pr\u00e9cieuses \u00e0 la soci\u00e9t\u00e9, d&rsquo;\u00eatre capables de naviguer \u00e0 travers ces diff\u00e9rences et de se sentir \u00e0 l&rsquo;aise pour poser des questions ou parler d&rsquo;identit\u00e9s religieuses, spirituelles et non religieuses dans leur environnement public.<\/p>\n<p style=\"text-align: left;\">Partout au Canada, des groupes tentent de favoriser la litt\u00e9ratie religieuse et le dialogue interconfessionnel au sein de la communaut\u00e9 et d&rsquo;informer certains lieux de travail et institutions sur la diversit\u00e9 religieuse. La CLRC entend collaborer avec bon nombre de ces initiatives et faciliter une pr\u00e9sence coh\u00e9rente pour montrer le travail opportun et important concernant la litt\u00e9ratie religieuse \u00e0 travers le Canada. En pr\u00e9sentant les relations de collaboration entre les groupes religieux et non religieux, nous esp\u00e9rons que tous les membres de la soci\u00e9t\u00e9 se sentiront \u00e0 l&rsquo;aise pour <strong>s&rsquo;approcher de la<\/strong> myriade d&rsquo;orientations religieuses et non religieuses au Canada, pour <strong>apprendre d&rsquo;elles et pour travailler avec elles<\/strong>. Sur cette base, nous visons \u00e0 encourager la litt\u00e9ratie religieuse dans tous les secteurs de la soci\u00e9t\u00e9 et parmi tous les groupes d&rsquo;\u00e2ge.<\/p>\n<p>Pour se concentrer sur cet objectif et l&rsquo;atteindre, toutes nos approches resteront :<\/p>\n<ul>\n<li>Bas\u00e9 sur la recherche ;<\/li>\n<li>\u00c9valu\u00e9 sur la base des r\u00e9sultats de recherche actuels&nbsp;;<\/li>\n<li>Localis\u00e9es sur la base de notre travail avec les dirigeants et les membres des communaut\u00e9s, d&rsquo;une compr\u00e9hension de chaque communaut\u00e9 (religieuse ou non religieuse) et de la dynamique g\u00e9ographique ; et<\/li>\n<li>Ax\u00e9 sur les besoins actuels de chaque groupe avec lequel nous travaillons.<\/li>\n<\/ul>\n<p style=\"text-align: center;\"><span style=\"font-weight: 400;\"> <\/span><\/p>\n","protected":false},"excerpt":{"rendered":"<p>&nbsp; Mission &nbsp; Reconna\u00eetre et aider tous les citoyens de la soci\u00e9t\u00e9 canadienne reconnaissent et comprennent : la multiplicit\u00e9 des identit\u00e9s, des traditions et des visions du monde religieuses, spirituelles et non religieuses des peuples du Canada et du monde entier, et la \u00e0 l&rsquo;int\u00e9rieur de chaque tradition religieuse et non religieuse, par le biais [&hellip;]<\/p>\n","protected":false},"author":29790131,"featured_media":0,"parent":0,"menu_order":0,"comment_status":"closed","ping_status":"closed","template":"","meta":{"_acf_changed":false,"_et_pb_use_builder":"","_et_pb_old_content":"","_et_gb_content_width":"","_coblocks_attr":"","_coblocks_dimensions":"","_coblocks_responsive_height":"","_coblocks_accordion_ie_support":"","_crdt_document":"","footnotes":""},"class_list":["post-3801","page","type-page","status-publish","hentry"],"acf":[],"yoast_head":"<!-- This site is optimized with the Yoast SEO plugin v27.4 - https:\/\/yoast.com\/product\/yoast-seo-wordpress\/ -->\n<title>Notre mission et notre vision - Le centre de litt\u00e9ratie religieuse civique<\/title>\n<meta name=\"description\" content=\"Nous nous effor\u00e7ons de promouvoir la litt\u00e9ratie religieuse afin que les Canadiens puissent reconna\u00eetre la richesse et les contributions des peuples religieux, spirituels et non religieux au Canada et dans le monde.\" \/>\n<meta name=\"robots\" content=\"index, follow, max-snippet:-1, max-image-preview:large, max-video-preview:-1\" \/>\n<link rel=\"canonical\" href=\"https:\/\/ccrl-clrc.ca\/fr\/mission-et-vision\/\" \/>\n<meta property=\"og:locale\" content=\"fr_FR\" \/>\n<meta property=\"og:type\" content=\"article\" \/>\n<meta property=\"og:title\" content=\"Notre mission et notre vision - Le centre de litt\u00e9ratie religieuse civique\" \/>\n<meta property=\"og:description\" content=\"Nous nous effor\u00e7ons de promouvoir la litt\u00e9ratie religieuse afin que les Canadiens puissent reconna\u00eetre la richesse et les contributions des peuples religieux, spirituels et non religieux au Canada et dans le monde.\" \/>\n<meta property=\"og:url\" content=\"https:\/\/ccrl-clrc.ca\/fr\/mission-et-vision\/\" \/>\n<meta property=\"og:site_name\" content=\"Le centre de litt\u00e9ratie religieuse civique\" \/>\n<meta property=\"article:publisher\" content=\"https:\/\/www.facebook.com\/The-Centre-for-Civic-Religious-Literacy-2033697073383562\/\" \/>\n<meta property=\"article:modified_time\" content=\"2023-11-13T20:43:03+00:00\" \/>\n<meta name=\"twitter:card\" content=\"summary_large_image\" \/>\n<meta name=\"twitter:site\" content=\"@CcrlClrc\" \/>\n<meta name=\"twitter:label1\" content=\"Dur\u00e9e de lecture estim\u00e9e\" \/>\n\t<meta name=\"twitter:data1\" content=\"1 minute\" \/>\n<script type=\"application\/ld+json\" class=\"yoast-schema-graph\">{\"@context\":\"https:\\\/\\\/schema.org\",\"@graph\":[{\"@type\":\"WebPage\",\"@id\":\"https:\\\/\\\/ccrl-clrc.ca\\\/fr\\\/mission-et-vision\\\/\",\"url\":\"https:\\\/\\\/ccrl-clrc.ca\\\/fr\\\/mission-et-vision\\\/\",\"name\":\"Notre mission et notre vision - Le centre de litt\u00e9ratie religieuse civique\",\"isPartOf\":{\"@id\":\"https:\\\/\\\/ccrl-clrc.ca\\\/fr\\\/#website\"},\"datePublished\":\"2021-10-16T20:13:40+00:00\",\"dateModified\":\"2023-11-13T20:43:03+00:00\",\"description\":\"Nous nous effor\u00e7ons de promouvoir la litt\u00e9ratie religieuse afin que les Canadiens puissent reconna\u00eetre la richesse et les contributions des peuples religieux, spirituels et non religieux au Canada et dans le monde.\",\"breadcrumb\":{\"@id\":\"https:\\\/\\\/ccrl-clrc.ca\\\/fr\\\/mission-et-vision\\\/#breadcrumb\"},\"inLanguage\":\"fr-FR\",\"potentialAction\":[{\"@type\":\"ReadAction\",\"target\":[\"https:\\\/\\\/ccrl-clrc.ca\\\/fr\\\/mission-et-vision\\\/\"]}]},{\"@type\":\"BreadcrumbList\",\"@id\":\"https:\\\/\\\/ccrl-clrc.ca\\\/fr\\\/mission-et-vision\\\/#breadcrumb\",\"itemListElement\":[{\"@type\":\"ListItem\",\"position\":1,\"name\":\"Accueil\",\"item\":\"https:\\\/\\\/ccrl-clrc.ca\\\/fr\\\/le-centre-de-litteratie-religieuse-civique-2\\\/\"},{\"@type\":\"ListItem\",\"position\":2,\"name\":\"Notre mission et notre vision\"}]},{\"@type\":\"WebSite\",\"@id\":\"https:\\\/\\\/ccrl-clrc.ca\\\/fr\\\/#website\",\"url\":\"https:\\\/\\\/ccrl-clrc.ca\\\/fr\\\/\",\"name\":\"Le centre de litt\u00e9ratie religieuse civique\",\"description\":\"Pour la promotion de la compr\u00e9hension au Canada\",\"publisher\":{\"@id\":\"https:\\\/\\\/ccrl-clrc.ca\\\/fr\\\/#organization\"},\"potentialAction\":[{\"@type\":\"SearchAction\",\"target\":{\"@type\":\"EntryPoint\",\"urlTemplate\":\"https:\\\/\\\/ccrl-clrc.ca\\\/fr\\\/?s={search_term_string}\"},\"query-input\":{\"@type\":\"PropertyValueSpecification\",\"valueRequired\":true,\"valueName\":\"search_term_string\"}}],\"inLanguage\":\"fr-FR\"},{\"@type\":\"Organization\",\"@id\":\"https:\\\/\\\/ccrl-clrc.ca\\\/fr\\\/#organization\",\"name\":\"Le centre de litt\u00e9ratie religieuse civique\",\"url\":\"https:\\\/\\\/ccrl-clrc.ca\\\/fr\\\/\",\"logo\":{\"@type\":\"ImageObject\",\"inLanguage\":\"fr-FR\",\"@id\":\"https:\\\/\\\/ccrl-clrc.ca\\\/fr\\\/#\\\/schema\\\/logo\\\/image\\\/\",\"url\":\"https:\\\/\\\/i2.wp.com\\\/ccrl-clrc.ca\\\/wp-content\\\/uploads\\\/2018\\\/10\\\/ccrl_logo.png?fit=1849%2C256&ssl=1\",\"contentUrl\":\"https:\\\/\\\/i2.wp.com\\\/ccrl-clrc.ca\\\/wp-content\\\/uploads\\\/2018\\\/10\\\/ccrl_logo.png?fit=1849%2C256&ssl=1\",\"width\":1849,\"height\":256,\"caption\":\"Le centre de litt\u00e9ratie religieuse civique\"},\"image\":{\"@id\":\"https:\\\/\\\/ccrl-clrc.ca\\\/fr\\\/#\\\/schema\\\/logo\\\/image\\\/\"},\"sameAs\":[\"https:\\\/\\\/www.facebook.com\\\/The-Centre-for-Civic-Religious-Literacy-2033697073383562\\\/\",\"https:\\\/\\\/x.com\\\/CcrlClrc\",\"https:\\\/\\\/www.instagram.com\\\/ccrl.clrc\\\/\",\"https:\\\/\\\/www.linkedin.com\\\/company\\\/ccrl-clrc\\\/\"]}]}<\/script>\n<!-- \/ Yoast SEO plugin. -->","yoast_head_json":{"title":"Notre mission et notre vision - Le centre de litt\u00e9ratie religieuse civique","description":"Nous nous effor\u00e7ons de promouvoir la litt\u00e9ratie religieuse afin que les Canadiens puissent reconna\u00eetre la richesse et les contributions des peuples religieux, spirituels et non religieux au Canada et dans le monde.","robots":{"index":"index","follow":"follow","max-snippet":"max-snippet:-1","max-image-preview":"max-image-preview:large","max-video-preview":"max-video-preview:-1"},"canonical":"https:\/\/ccrl-clrc.ca\/fr\/mission-et-vision\/","og_locale":"fr_FR","og_type":"article","og_title":"Notre mission et notre vision - Le centre de litt\u00e9ratie religieuse civique","og_description":"Nous nous effor\u00e7ons de promouvoir la litt\u00e9ratie religieuse afin que les Canadiens puissent reconna\u00eetre la richesse et les contributions des peuples religieux, spirituels et non religieux au Canada et dans le monde.","og_url":"https:\/\/ccrl-clrc.ca\/fr\/mission-et-vision\/","og_site_name":"Le centre de litt\u00e9ratie religieuse civique","article_publisher":"https:\/\/www.facebook.com\/The-Centre-for-Civic-Religious-Literacy-2033697073383562\/","article_modified_time":"2023-11-13T20:43:03+00:00","twitter_card":"summary_large_image","twitter_site":"@CcrlClrc","twitter_misc":{"Dur\u00e9e de lecture estim\u00e9e":"1 minute"},"schema":{"@context":"https:\/\/schema.org","@graph":[{"@type":"WebPage","@id":"https:\/\/ccrl-clrc.ca\/fr\/mission-et-vision\/","url":"https:\/\/ccrl-clrc.ca\/fr\/mission-et-vision\/","name":"Notre mission et notre vision - Le centre de litt\u00e9ratie religieuse civique","isPartOf":{"@id":"https:\/\/ccrl-clrc.ca\/fr\/#website"},"datePublished":"2021-10-16T20:13:40+00:00","dateModified":"2023-11-13T20:43:03+00:00","description":"Nous nous effor\u00e7ons de promouvoir la litt\u00e9ratie religieuse afin que les Canadiens puissent reconna\u00eetre la richesse et les contributions des peuples religieux, spirituels et non religieux au Canada et dans le monde.","breadcrumb":{"@id":"https:\/\/ccrl-clrc.ca\/fr\/mission-et-vision\/#breadcrumb"},"inLanguage":"fr-FR","potentialAction":[{"@type":"ReadAction","target":["https:\/\/ccrl-clrc.ca\/fr\/mission-et-vision\/"]}]},{"@type":"BreadcrumbList","@id":"https:\/\/ccrl-clrc.ca\/fr\/mission-et-vision\/#breadcrumb","itemListElement":[{"@type":"ListItem","position":1,"name":"Accueil","item":"https:\/\/ccrl-clrc.ca\/fr\/le-centre-de-litteratie-religieuse-civique-2\/"},{"@type":"ListItem","position":2,"name":"Notre mission et notre vision"}]},{"@type":"WebSite","@id":"https:\/\/ccrl-clrc.ca\/fr\/#website","url":"https:\/\/ccrl-clrc.ca\/fr\/","name":"Le centre de litt\u00e9ratie religieuse civique","description":"Pour la promotion de la compr\u00e9hension au Canada","publisher":{"@id":"https:\/\/ccrl-clrc.ca\/fr\/#organization"},"potentialAction":[{"@type":"SearchAction","target":{"@type":"EntryPoint","urlTemplate":"https:\/\/ccrl-clrc.ca\/fr\/?s={search_term_string}"},"query-input":{"@type":"PropertyValueSpecification","valueRequired":true,"valueName":"search_term_string"}}],"inLanguage":"fr-FR"},{"@type":"Organization","@id":"https:\/\/ccrl-clrc.ca\/fr\/#organization","name":"Le centre de litt\u00e9ratie religieuse civique","url":"https:\/\/ccrl-clrc.ca\/fr\/","logo":{"@type":"ImageObject","inLanguage":"fr-FR","@id":"https:\/\/ccrl-clrc.ca\/fr\/#\/schema\/logo\/image\/","url":"https:\/\/i2.wp.com\/ccrl-clrc.ca\/wp-content\/uploads\/2018\/10\/ccrl_logo.png?fit=1849%2C256&ssl=1","contentUrl":"https:\/\/i2.wp.com\/ccrl-clrc.ca\/wp-content\/uploads\/2018\/10\/ccrl_logo.png?fit=1849%2C256&ssl=1","width":1849,"height":256,"caption":"Le centre de litt\u00e9ratie religieuse civique"},"image":{"@id":"https:\/\/ccrl-clrc.ca\/fr\/#\/schema\/logo\/image\/"},"sameAs":["https:\/\/www.facebook.com\/The-Centre-for-Civic-Religious-Literacy-2033697073383562\/","https:\/\/x.com\/CcrlClrc","https:\/\/www.instagram.com\/ccrl.clrc\/","https:\/\/www.linkedin.com\/company\/ccrl-clrc\/"]}]}},"jetpack_likes_enabled":false,"jetpack_sharing_enabled":false,"jetpack_shortlink":"https:\/\/wp.me\/PafvDM-Zj","amp_enabled":true,"_links":{"self":[{"href":"https:\/\/ccrl-clrc.ca\/fr\/wp-json\/wp\/v2\/pages\/3801","targetHints":{"allow":["GET"]}}],"collection":[{"href":"https:\/\/ccrl-clrc.ca\/fr\/wp-json\/wp\/v2\/pages"}],"about":[{"href":"https:\/\/ccrl-clrc.ca\/fr\/wp-json\/wp\/v2\/types\/page"}],"author":[{"embeddable":true,"href":"https:\/\/ccrl-clrc.ca\/fr\/wp-json\/wp\/v2\/users\/29790131"}],"replies":[{"embeddable":true,"href":"https:\/\/ccrl-clrc.ca\/fr\/wp-json\/wp\/v2\/comments?post=3801"}],"version-history":[{"count":8,"href":"https:\/\/ccrl-clrc.ca\/fr\/wp-json\/wp\/v2\/pages\/3801\/revisions"}],"predecessor-version":[{"id":6543,"href":"https:\/\/ccrl-clrc.ca\/fr\/wp-json\/wp\/v2\/pages\/3801\/revisions\/6543"}],"wp:attachment":[{"href":"https:\/\/ccrl-clrc.ca\/fr\/wp-json\/wp\/v2\/media?parent=3801"}],"curies":[{"name":"wp","href":"https:\/\/api.w.org\/{rel}","templated":true}]}}