{"id":3800,"date":"2021-10-16T20:13:40","date_gmt":"2021-10-16T20:13:40","guid":{"rendered":"https:\/\/ccrl-clrc.ca\/ressources\/nos-ressources\/"},"modified":"2025-08-22T16:18:50","modified_gmt":"2025-08-22T16:18:50","slug":"ressources-pedagogiques","status":"publish","type":"page","link":"https:\/\/ccrl-clrc.ca\/fr\/ressources-pedagogiques\/","title":{"rendered":"Une bo\u00eete \u00e0 outils pour les \u00e9ducateurs"},"content":{"rendered":"<h2 style=\"text-align: center;\">R\u00e9f\u00e9rentiel pour les \u00e9ducateurs : Pour les \u00e9ducateurs de niveau secondaire<\/h2>\n<p><a href=\"https:\/\/ccrl-clrc.ca\/wp-content\/uploads\/2025\/08\/CCRL-Educators-Toolkit_Middle-and-High-school-educators_2025-2.pdf\"><img data-recalc-dims=\"1\" loading=\"lazy\" decoding=\"async\" class=\"aligncenter wp-image-7326 size-full\" src=\"https:\/\/i0.wp.com\/ccrl-clrc.ca\/wp-content\/uploads\/2025\/08\/Screenshot-2025-08-08-073812.png?resize=1080%2C832&#038;ssl=1\" alt=\"Couverture de la bo\u00eete \u00e0 outils de l'\u00e9ducateur.\" width=\"1080\" height=\"832\" srcset=\"https:\/\/ccrl-clrc.ca\/wp-content\/uploads\/2025\/08\/Screenshot-2025-08-08-073812.png 1666w, https:\/\/ccrl-clrc.ca\/wp-content\/uploads\/2025\/08\/Screenshot-2025-08-08-073812-1280x986.png 1280w, https:\/\/ccrl-clrc.ca\/wp-content\/uploads\/2025\/08\/Screenshot-2025-08-08-073812-980x755.png 980w, https:\/\/ccrl-clrc.ca\/wp-content\/uploads\/2025\/08\/Screenshot-2025-08-08-073812-480x370.png 480w\" sizes=\"auto, (min-width: 0px) and (max-width: 480px) 480px, (min-width: 481px) and (max-width: 980px) 980px, (min-width: 981px) and (max-width: 1280px) 1280px, (min-width: 1281px) 1666px, 100vw\" \/><\/a><\/p>\n<p><a href=\"https:\/\/drive.google.com\/file\/d\/1MkjHbsl20V4t_CIVcdd4j22YbF6z9QBd\/view?usp=drive_link\"><img data-recalc-dims=\"1\" loading=\"lazy\" decoding=\"async\" class=\"aligncenter size-full wp-image-7339\" src=\"https:\/\/i0.wp.com\/ccrl-clrc.ca\/wp-content\/uploads\/2025\/08\/Screenshot-2025-08-08-085734.png?resize=1080%2C835&#038;ssl=1\" alt=\"Couverture de la bo\u00eete \u00e0 outils des \u00e9ducateurs en fran\u00e7ais.\" width=\"1080\" height=\"835\" srcset=\"https:\/\/ccrl-clrc.ca\/wp-content\/uploads\/2025\/08\/Screenshot-2025-08-08-085734.png 1666w, https:\/\/ccrl-clrc.ca\/wp-content\/uploads\/2025\/08\/Screenshot-2025-08-08-085734-1280x990.png 1280w, https:\/\/ccrl-clrc.ca\/wp-content\/uploads\/2025\/08\/Screenshot-2025-08-08-085734-980x758.png 980w, https:\/\/ccrl-clrc.ca\/wp-content\/uploads\/2025\/08\/Screenshot-2025-08-08-085734-480x371.png 480w\" sizes=\"auto, (min-width: 0px) and (max-width: 480px) 480px, (min-width: 481px) and (max-width: 980px) 980px, (min-width: 981px) and (max-width: 1280px) 1280px, (min-width: 1281px) 1666px, 100vw\" \/><\/a><\/p>\n<p>La litt\u00e9ratie religieuse peut \u00eatre d\u00e9concertante au d\u00e9but, c&rsquo;est pourquoi les membres de notre \u00e9quipe ont compil\u00e9 une ressource pour vous aider.<\/p>\n<p>Cette bo\u00eete \u00e0 outils comprend :<\/p>\n<ol>\n<li>D\u00e9finitions adapt\u00e9es aux \u00e9l\u00e8ves<\/li>\n<li>Aborder les sujets importants<\/li>\n<li>Comp\u00e9tences et aptitudes de base<\/li>\n<li>Exemple de champ d&rsquo;application et de s\u00e9quence de classe, y compris un exemple de le\u00e7on et d&rsquo;\u00e9valuation<\/li>\n<li>Ressources et r\u00e9f\u00e9rences \u00e0 consulter<\/li>\n<\/ol>\n<p>Cliquez sur l&rsquo;image ou sur ce lien pour t\u00e9l\u00e9charger <em>une copie gratuite<\/em> de la ressource : <a href=\"https:\/\/ccrl-clrc.ca\/wp-content\/uploads\/2025\/08\/CCRL-Educators-Toolkit_Middle-and-High-school-educators_2025-3.pdf\">R\u00e9f\u00e9rentiel pour les \u00e9ducateurs : Pour les \u00e9ducateurs de niveau secondaire<\/a><\/p>\n<p>La cr\u00e9ation d&rsquo;une ressource efficace demande beaucoup de temps et d&rsquo;efforts. Si vous souhaitez faire un don en remerciement de cette ressource, veuillez le faire <a href=\"https:\/\/ccrl-clrc.ca\/fr\/soutenez-nous\/\">ici<\/a>. Les dons de toutes tailles sont les bienvenus. Les dons soutiendront nos besoins op\u00e9rationnels de base afin de nous permettre de continuer \u00e0 fonctionner.   <\/p>\n<p><strong><em>Vous ne trouvez pas ce que vous cherchez ? <\/em><\/strong><\/p>\n<p>En tant qu&rsquo;\u00e9quipe d&rsquo;\u00e9ducateurs, nous cr\u00e9ons constamment des ressources personnalis\u00e9es de litt\u00e9ratie religieuse civique. Si vous recherchez des ressources sp\u00e9cifiques, veuillez nous contacter \u00e0 info@ccrl-clrc.ca. Nous serions heureux de d\u00e9velopper une ressource adapt\u00e9e \u00e0 vos besoins.<\/p>\n<p>&nbsp;<\/p>\n<p>&nbsp;<\/p>\n","protected":false},"excerpt":{"rendered":"<p>R\u00e9f\u00e9rentiel pour les \u00e9ducateurs : Pour les \u00e9ducateurs de niveau secondaire La litt\u00e9ratie religieuse peut \u00eatre d\u00e9concertante au d\u00e9but, c&rsquo;est pourquoi les membres de notre \u00e9quipe ont compil\u00e9 une ressource pour vous aider. Cette bo\u00eete \u00e0 outils comprend : D\u00e9finitions adapt\u00e9es aux \u00e9l\u00e8ves Aborder les sujets importants Comp\u00e9tences et aptitudes de base Exemple de champ [&hellip;]<\/p>\n","protected":false},"author":29790131,"featured_media":0,"parent":0,"menu_order":0,"comment_status":"closed","ping_status":"closed","template":"","meta":{"_acf_changed":false,"_et_pb_use_builder":"","_et_pb_old_content":"","_et_gb_content_width":"","_coblocks_attr":"","_coblocks_dimensions":"","_coblocks_responsive_height":"","_coblocks_accordion_ie_support":"","_crdt_document":"","jetpack_post_was_ever_published":false,"footnotes":""},"class_list":["post-3800","page","type-page","status-publish","hentry"],"acf":[],"yoast_head":"<!-- This site is optimized with the Yoast SEO plugin v27.3 - https:\/\/yoast.com\/product\/yoast-seo-wordpress\/ -->\n<title>La litt\u00e9ratie religieuse Une bo\u00eete \u00e0 outils pour les \u00e9ducateurs%page%%%<\/title>\n<meta name=\"description\" content=\"Une bo\u00eete \u00e0 outils pour les \u00e9ducateurs du CLRC afin d&#039;aider les \u00e9ducateurs des \u00e9coles interm\u00e9diaires et secondaires \u00e0 enseigner la culture religieuse au Canada.\" \/>\n<meta name=\"robots\" content=\"index, follow, max-snippet:-1, max-image-preview:large, max-video-preview:-1\" \/>\n<link rel=\"canonical\" href=\"https:\/\/ccrl-clrc.ca\/fr\/ressources-pedagogiques\/\" \/>\n<meta property=\"og:locale\" content=\"fr_FR\" \/>\n<meta property=\"og:type\" content=\"article\" \/>\n<meta property=\"og:title\" content=\"La litt\u00e9ratie religieuse Une bo\u00eete \u00e0 outils pour les \u00e9ducateurs%page%%%\" \/>\n<meta property=\"og:description\" content=\"Une bo\u00eete \u00e0 outils pour les \u00e9ducateurs du CLRC afin d&#039;aider les \u00e9ducateurs des \u00e9coles interm\u00e9diaires et secondaires \u00e0 enseigner la culture religieuse au Canada.\" \/>\n<meta property=\"og:url\" content=\"https:\/\/ccrl-clrc.ca\/fr\/ressources-pedagogiques\/\" \/>\n<meta property=\"og:site_name\" content=\"Le centre de litt\u00e9ratie religieuse civique\" \/>\n<meta property=\"article:publisher\" content=\"https:\/\/www.facebook.com\/The-Centre-for-Civic-Religious-Literacy-2033697073383562\/\" \/>\n<meta property=\"article:modified_time\" content=\"2025-08-22T16:18:50+00:00\" \/>\n<meta property=\"og:image\" content=\"https:\/\/ccrl-clrc.ca\/wp-content\/uploads\/2025\/08\/Screenshot-2025-08-08-073812.png\" \/>\n<meta name=\"twitter:card\" content=\"summary_large_image\" \/>\n<meta name=\"twitter:site\" content=\"@CcrlClrc\" \/>\n<meta name=\"twitter:label1\" content=\"Dur\u00e9e de lecture estim\u00e9e\" \/>\n\t<meta name=\"twitter:data1\" content=\"1 minute\" \/>\n<script type=\"application\/ld+json\" class=\"yoast-schema-graph\">{\"@context\":\"https:\\\/\\\/schema.org\",\"@graph\":[{\"@type\":\"WebPage\",\"@id\":\"https:\\\/\\\/ccrl-clrc.ca\\\/fr\\\/ressources-pedagogiques\\\/\",\"url\":\"https:\\\/\\\/ccrl-clrc.ca\\\/fr\\\/ressources-pedagogiques\\\/\",\"name\":\"La litt\u00e9ratie religieuse Une bo\u00eete \u00e0 outils pour les \u00e9ducateurs%page%%%\",\"isPartOf\":{\"@id\":\"https:\\\/\\\/ccrl-clrc.ca\\\/fr\\\/#website\"},\"primaryImageOfPage\":{\"@id\":\"https:\\\/\\\/ccrl-clrc.ca\\\/fr\\\/ressources-pedagogiques\\\/#primaryimage\"},\"image\":{\"@id\":\"https:\\\/\\\/ccrl-clrc.ca\\\/fr\\\/ressources-pedagogiques\\\/#primaryimage\"},\"thumbnailUrl\":\"https:\\\/\\\/ccrl-clrc.ca\\\/wp-content\\\/uploads\\\/2025\\\/08\\\/Screenshot-2025-08-08-073812.png\",\"datePublished\":\"2021-10-16T20:13:40+00:00\",\"dateModified\":\"2025-08-22T16:18:50+00:00\",\"description\":\"Une bo\u00eete \u00e0 outils pour les \u00e9ducateurs du CLRC afin d'aider les \u00e9ducateurs des \u00e9coles interm\u00e9diaires et secondaires \u00e0 enseigner la culture religieuse au Canada.\",\"breadcrumb\":{\"@id\":\"https:\\\/\\\/ccrl-clrc.ca\\\/fr\\\/ressources-pedagogiques\\\/#breadcrumb\"},\"inLanguage\":\"fr-FR\",\"potentialAction\":[{\"@type\":\"ReadAction\",\"target\":[\"https:\\\/\\\/ccrl-clrc.ca\\\/fr\\\/ressources-pedagogiques\\\/\"]}]},{\"@type\":\"ImageObject\",\"inLanguage\":\"fr-FR\",\"@id\":\"https:\\\/\\\/ccrl-clrc.ca\\\/fr\\\/ressources-pedagogiques\\\/#primaryimage\",\"url\":\"https:\\\/\\\/ccrl-clrc.ca\\\/wp-content\\\/uploads\\\/2025\\\/08\\\/Screenshot-2025-08-08-073812.png\",\"contentUrl\":\"https:\\\/\\\/ccrl-clrc.ca\\\/wp-content\\\/uploads\\\/2025\\\/08\\\/Screenshot-2025-08-08-073812.png\"},{\"@type\":\"BreadcrumbList\",\"@id\":\"https:\\\/\\\/ccrl-clrc.ca\\\/fr\\\/ressources-pedagogiques\\\/#breadcrumb\",\"itemListElement\":[{\"@type\":\"ListItem\",\"position\":1,\"name\":\"Accueil\",\"item\":\"https:\\\/\\\/ccrl-clrc.ca\\\/fr\\\/le-centre-de-litteratie-religieuse-civique-2\\\/\"},{\"@type\":\"ListItem\",\"position\":2,\"name\":\"Une bo\u00eete \u00e0 outils pour les \u00e9ducateurs\"}]},{\"@type\":\"WebSite\",\"@id\":\"https:\\\/\\\/ccrl-clrc.ca\\\/fr\\\/#website\",\"url\":\"https:\\\/\\\/ccrl-clrc.ca\\\/fr\\\/\",\"name\":\"Le centre de litt\u00e9ratie religieuse civique\",\"description\":\"Pour la promotion de la compr\u00e9hension au Canada\",\"publisher\":{\"@id\":\"https:\\\/\\\/ccrl-clrc.ca\\\/fr\\\/#organization\"},\"potentialAction\":[{\"@type\":\"SearchAction\",\"target\":{\"@type\":\"EntryPoint\",\"urlTemplate\":\"https:\\\/\\\/ccrl-clrc.ca\\\/fr\\\/?s={search_term_string}\"},\"query-input\":{\"@type\":\"PropertyValueSpecification\",\"valueRequired\":true,\"valueName\":\"search_term_string\"}}],\"inLanguage\":\"fr-FR\"},{\"@type\":\"Organization\",\"@id\":\"https:\\\/\\\/ccrl-clrc.ca\\\/fr\\\/#organization\",\"name\":\"Le centre de litt\u00e9ratie religieuse civique\",\"url\":\"https:\\\/\\\/ccrl-clrc.ca\\\/fr\\\/\",\"logo\":{\"@type\":\"ImageObject\",\"inLanguage\":\"fr-FR\",\"@id\":\"https:\\\/\\\/ccrl-clrc.ca\\\/fr\\\/#\\\/schema\\\/logo\\\/image\\\/\",\"url\":\"https:\\\/\\\/i2.wp.com\\\/ccrl-clrc.ca\\\/wp-content\\\/uploads\\\/2018\\\/10\\\/ccrl_logo.png?fit=1849%2C256&ssl=1\",\"contentUrl\":\"https:\\\/\\\/i2.wp.com\\\/ccrl-clrc.ca\\\/wp-content\\\/uploads\\\/2018\\\/10\\\/ccrl_logo.png?fit=1849%2C256&ssl=1\",\"width\":1849,\"height\":256,\"caption\":\"Le centre de litt\u00e9ratie religieuse civique\"},\"image\":{\"@id\":\"https:\\\/\\\/ccrl-clrc.ca\\\/fr\\\/#\\\/schema\\\/logo\\\/image\\\/\"},\"sameAs\":[\"https:\\\/\\\/www.facebook.com\\\/The-Centre-for-Civic-Religious-Literacy-2033697073383562\\\/\",\"https:\\\/\\\/x.com\\\/CcrlClrc\",\"https:\\\/\\\/www.instagram.com\\\/ccrl.clrc\\\/\",\"https:\\\/\\\/www.linkedin.com\\\/company\\\/ccrl-clrc\\\/\"]}]}<\/script>\n<!-- \/ Yoast SEO plugin. -->","yoast_head_json":{"title":"La litt\u00e9ratie religieuse Une bo\u00eete \u00e0 outils pour les \u00e9ducateurs%page%%%","description":"Une bo\u00eete \u00e0 outils pour les \u00e9ducateurs du CLRC afin d'aider les \u00e9ducateurs des \u00e9coles interm\u00e9diaires et secondaires \u00e0 enseigner la culture religieuse au Canada.","robots":{"index":"index","follow":"follow","max-snippet":"max-snippet:-1","max-image-preview":"max-image-preview:large","max-video-preview":"max-video-preview:-1"},"canonical":"https:\/\/ccrl-clrc.ca\/fr\/ressources-pedagogiques\/","og_locale":"fr_FR","og_type":"article","og_title":"La litt\u00e9ratie religieuse Une bo\u00eete \u00e0 outils pour les \u00e9ducateurs%page%%%","og_description":"Une bo\u00eete \u00e0 outils pour les \u00e9ducateurs du CLRC afin d'aider les \u00e9ducateurs des \u00e9coles interm\u00e9diaires et secondaires \u00e0 enseigner la culture religieuse au Canada.","og_url":"https:\/\/ccrl-clrc.ca\/fr\/ressources-pedagogiques\/","og_site_name":"Le centre de litt\u00e9ratie religieuse civique","article_publisher":"https:\/\/www.facebook.com\/The-Centre-for-Civic-Religious-Literacy-2033697073383562\/","article_modified_time":"2025-08-22T16:18:50+00:00","og_image":[{"url":"https:\/\/ccrl-clrc.ca\/wp-content\/uploads\/2025\/08\/Screenshot-2025-08-08-073812.png","type":"","width":"","height":""}],"twitter_card":"summary_large_image","twitter_site":"@CcrlClrc","twitter_misc":{"Dur\u00e9e de lecture estim\u00e9e":"1 minute"},"schema":{"@context":"https:\/\/schema.org","@graph":[{"@type":"WebPage","@id":"https:\/\/ccrl-clrc.ca\/fr\/ressources-pedagogiques\/","url":"https:\/\/ccrl-clrc.ca\/fr\/ressources-pedagogiques\/","name":"La litt\u00e9ratie religieuse Une bo\u00eete \u00e0 outils pour les \u00e9ducateurs%page%%%","isPartOf":{"@id":"https:\/\/ccrl-clrc.ca\/fr\/#website"},"primaryImageOfPage":{"@id":"https:\/\/ccrl-clrc.ca\/fr\/ressources-pedagogiques\/#primaryimage"},"image":{"@id":"https:\/\/ccrl-clrc.ca\/fr\/ressources-pedagogiques\/#primaryimage"},"thumbnailUrl":"https:\/\/ccrl-clrc.ca\/wp-content\/uploads\/2025\/08\/Screenshot-2025-08-08-073812.png","datePublished":"2021-10-16T20:13:40+00:00","dateModified":"2025-08-22T16:18:50+00:00","description":"Une bo\u00eete \u00e0 outils pour les \u00e9ducateurs du CLRC afin d'aider les \u00e9ducateurs des \u00e9coles interm\u00e9diaires et secondaires \u00e0 enseigner la culture religieuse au Canada.","breadcrumb":{"@id":"https:\/\/ccrl-clrc.ca\/fr\/ressources-pedagogiques\/#breadcrumb"},"inLanguage":"fr-FR","potentialAction":[{"@type":"ReadAction","target":["https:\/\/ccrl-clrc.ca\/fr\/ressources-pedagogiques\/"]}]},{"@type":"ImageObject","inLanguage":"fr-FR","@id":"https:\/\/ccrl-clrc.ca\/fr\/ressources-pedagogiques\/#primaryimage","url":"https:\/\/ccrl-clrc.ca\/wp-content\/uploads\/2025\/08\/Screenshot-2025-08-08-073812.png","contentUrl":"https:\/\/ccrl-clrc.ca\/wp-content\/uploads\/2025\/08\/Screenshot-2025-08-08-073812.png"},{"@type":"BreadcrumbList","@id":"https:\/\/ccrl-clrc.ca\/fr\/ressources-pedagogiques\/#breadcrumb","itemListElement":[{"@type":"ListItem","position":1,"name":"Accueil","item":"https:\/\/ccrl-clrc.ca\/fr\/le-centre-de-litteratie-religieuse-civique-2\/"},{"@type":"ListItem","position":2,"name":"Une bo\u00eete \u00e0 outils pour les \u00e9ducateurs"}]},{"@type":"WebSite","@id":"https:\/\/ccrl-clrc.ca\/fr\/#website","url":"https:\/\/ccrl-clrc.ca\/fr\/","name":"Le centre de litt\u00e9ratie religieuse civique","description":"Pour la promotion de la compr\u00e9hension au Canada","publisher":{"@id":"https:\/\/ccrl-clrc.ca\/fr\/#organization"},"potentialAction":[{"@type":"SearchAction","target":{"@type":"EntryPoint","urlTemplate":"https:\/\/ccrl-clrc.ca\/fr\/?s={search_term_string}"},"query-input":{"@type":"PropertyValueSpecification","valueRequired":true,"valueName":"search_term_string"}}],"inLanguage":"fr-FR"},{"@type":"Organization","@id":"https:\/\/ccrl-clrc.ca\/fr\/#organization","name":"Le centre de litt\u00e9ratie religieuse civique","url":"https:\/\/ccrl-clrc.ca\/fr\/","logo":{"@type":"ImageObject","inLanguage":"fr-FR","@id":"https:\/\/ccrl-clrc.ca\/fr\/#\/schema\/logo\/image\/","url":"https:\/\/i2.wp.com\/ccrl-clrc.ca\/wp-content\/uploads\/2018\/10\/ccrl_logo.png?fit=1849%2C256&ssl=1","contentUrl":"https:\/\/i2.wp.com\/ccrl-clrc.ca\/wp-content\/uploads\/2018\/10\/ccrl_logo.png?fit=1849%2C256&ssl=1","width":1849,"height":256,"caption":"Le centre de litt\u00e9ratie religieuse civique"},"image":{"@id":"https:\/\/ccrl-clrc.ca\/fr\/#\/schema\/logo\/image\/"},"sameAs":["https:\/\/www.facebook.com\/The-Centre-for-Civic-Religious-Literacy-2033697073383562\/","https:\/\/x.com\/CcrlClrc","https:\/\/www.instagram.com\/ccrl.clrc\/","https:\/\/www.linkedin.com\/company\/ccrl-clrc\/"]}]}},"jetpack_likes_enabled":false,"jetpack_sharing_enabled":false,"jetpack_shortlink":"https:\/\/wp.me\/PafvDM-Zi","amp_enabled":true,"_links":{"self":[{"href":"https:\/\/ccrl-clrc.ca\/fr\/wp-json\/wp\/v2\/pages\/3800","targetHints":{"allow":["GET"]}}],"collection":[{"href":"https:\/\/ccrl-clrc.ca\/fr\/wp-json\/wp\/v2\/pages"}],"about":[{"href":"https:\/\/ccrl-clrc.ca\/fr\/wp-json\/wp\/v2\/types\/page"}],"author":[{"embeddable":true,"href":"https:\/\/ccrl-clrc.ca\/fr\/wp-json\/wp\/v2\/users\/29790131"}],"replies":[{"embeddable":true,"href":"https:\/\/ccrl-clrc.ca\/fr\/wp-json\/wp\/v2\/comments?post=3800"}],"version-history":[{"count":15,"href":"https:\/\/ccrl-clrc.ca\/fr\/wp-json\/wp\/v2\/pages\/3800\/revisions"}],"predecessor-version":[{"id":7361,"href":"https:\/\/ccrl-clrc.ca\/fr\/wp-json\/wp\/v2\/pages\/3800\/revisions\/7361"}],"wp:attachment":[{"href":"https:\/\/ccrl-clrc.ca\/fr\/wp-json\/wp\/v2\/media?parent=3800"}],"curies":[{"name":"wp","href":"https:\/\/api.w.org\/{rel}","templated":true}]}}