{"id":3786,"date":"2021-10-16T20:13:39","date_gmt":"2021-10-16T20:13:39","guid":{"rendered":"https:\/\/ccrl-clrc.ca\/notre-travail\/quest-ce-que-la-litteratie-religieuse-civique-au-canada\/"},"modified":"2025-10-23T21:26:21","modified_gmt":"2025-10-23T21:26:21","slug":"quest-ce-que-la-litteratie-religieuse-civique-au-canada","status":"publish","type":"page","link":"https:\/\/ccrl-clrc.ca\/fr\/notre-travail\/quest-ce-que-la-litteratie-religieuse-civique-au-canada\/","title":{"rendered":"Qu&rsquo;est-ce que la litt\u00e9ratie religieuse civique au Canada?"},"content":{"rendered":"<p>&nbsp;<\/p>\n<p>La litt\u00e9ratie religieuse civique au Canada est une compr\u00e9hension de la litt\u00e9ratie religieuse fond\u00e9e sur des objectifs civiques au Canada.<\/p>\n<p>&nbsp;<\/p>\n<h2>La litt\u00e9ratie religieuse<\/h2>\n<p>La litt\u00e9ratie religieuse ne consiste pas \u00e0 lire et \u00e0 \u00e9crire sur la religion.<\/p>\n<p>Il s&rsquo;agit de connaissances, de comp\u00e9tences et d&rsquo;optiques qui nous aident \u00e0 comprendre les perspectives, les communaut\u00e9s et les questions li\u00e9es aux visions du monde religieuses, spirituelles et s\u00e9culi\u00e8res. Elle va au-del\u00e0 de la simple connaissance des principes de base, des principes ou des pratiques d&rsquo;une vision du monde. Elle est de nature civique car il s&rsquo;agit d&rsquo;une approche acad\u00e9mique visant \u00e0 percevoir les croyances et les affiliations des personnes afin de nous permettre de nous comprendre les uns les autres, de comprendre notre soci\u00e9t\u00e9 et de mieux vivre ensemble.<\/p>\n<p>La plupart des universitaires dans le monde s&rsquo;accordent sur les principes de la litt\u00e9ratie religieuse \u00e9nonc\u00e9s par<a href=\"https:\/\/rpl.hds.harvard.edu\/what-we-do\/our-approach\/core-principles\"> Harvard Religion et vie publique<\/a> . Chacun convient que la conversation est \u00e9galement sp\u00e9cifique au contexte.<\/p>\n<p>&nbsp;<\/p>\n<hr>\n<p>&nbsp;<\/p>\n<h2 style=\"text-align: center;\"><\/h2>\n<h2>Litt\u00e9ratie religieuse au Canada<\/h2>\n<p>Au Canada, notre histoire, notre d\u00e9mographie, notre r\u00e9alit\u00e9 politique, \u00e9conomique, culturelle et sociale uniques exigent une compr\u00e9hension de la litt\u00e9ratie religieuse au Canada.<\/p>\n<h3><span style=\"color: #000000;\"><br \/>\nLa litt\u00e9ratie religieuse civique au Canada comprend :<\/span><\/h3>\n<ol>\n<li>Comprendre que chacune des visions du monde religieuses, spirituelles et s\u00e9culi\u00e8res pr\u00e9sentent une<br \/>diversit\u00e9 interne est plurielle.<\/li>\n<li>Comprendre qu&rsquo;il y a une diversit\u00e9 des visions du monde religieuses, spirituelles et s\u00e9culi\u00e8res au sein de la soci\u00e9t\u00e9. Ces visions pr\u00e9sentent une diversit\u00e9 externe.<\/li>\n<li>Reconna\u00eetre les visions du monde religieuses, spirituelles et s\u00e9culi\u00e8res changent constamment en<br \/>relation avec toutes les sph\u00e8res de la soci\u00e9t\u00e9.<\/li>\n<li>Reconna\u00eetre la litt\u00e9ratie religieuse au Canada doit inclure les visions du monde s\u00e9culi\u00e8res et les<br \/>spiritualit\u00e9s, en particulier les spiritualit\u00e9s autochtones.<\/li>\n<li>Reconna\u00eetre que les visions religieuses, spirituelles et s\u00e9culi\u00e8res du monde ont une signification<br \/>personnelle et doivent \u00eatre abord\u00e9es individuellement pour chaque individu. Cela nous am\u00e8ne \u00e0 discuter de ces visions du monde du point de vue distinct d&rsquo;un individu ou d&rsquo;une communaut\u00e9 et non de la vision du monde d&rsquo;une autre personne\/groupe, et de savoir que les individus qui partagent la m\u00eame vision du monde peuvent avoir diverses croyances, expressions, interpr\u00e9tations et terminologies pour la d\u00e9crire en fonction de un certain nombre de facteurs (tels que la situation personnelle, le lieu, le contexte politique, etc.).<\/li>\n<\/ol>\n<p>Le d\u00e9veloppement de la litt\u00e9ratie religieuse civique peut permettre aux individus et aux organisations de mieux s&rsquo;engager avec les membres de leur soci\u00e9t\u00e9.<\/p>\n<p>Pour en savoir plus sur la litt\u00e9ratie religieuse au Canada, envoyez un courriel \u00e0 <a href=\"mailto:info@ccrl-clrc.ca\">info@ccrl-clrc.ca,<\/a> ou lisez <a href=\"https:\/\/www.researchgate.net\/publication\/331991855_Recognition_of_context_and_experience_a_civic-based_Canadian_conception_of_religious_literacy\">notre article<\/a> et nos autres <a href=\"https:\/\/ccrl-clrc.ca\/fr\/nos-publications-de-recherche\/\">publications<\/a>. L&rsquo;approche du CLRC en mati\u00e8re de litt\u00e9ratie religieuse civique est fortement influenc\u00e9e par les travaux des universitaires dont la liste figure au bas de cette page.<\/p>\n<p>Pour comprendre comment la CLRC promeut la litt\u00e9ratie religieuse et la met en pratique, consultez notre notre page de <a href=\"https:\/\/ccrl-clrc.ca\/fr\/projets-2\/\">projets<\/a> notre pour en savoir plus.<\/p>\n<p>&nbsp;<\/p>\n<hr>\n<p>&nbsp;<\/p>\n<h4><span style=\"color: #000000;\">Les r\u00e9f\u00e9rences:<\/span><\/h4>\n<p>&nbsp;<\/p>\n<p>Crisp, BR (\u00e9d.) (2017). <em>Le manuel Routledge de religion, de spiritualit\u00e9 et de travail social.<\/em> Manuels internationaux de Routledge. Abingdon, Oxon : Routledge.<\/p>\n<p>Dinham, A. &amp; M. Francis. (2015).  <em>La litt\u00e9ratie religieuse dans la politique et la pratique. <\/em>Policy Press.<\/p>\n<p>Eck, DL (2006). \u00ab&nbsp;Qu&rsquo;est-ce que le pluralisme&nbsp;?&nbsp;\u00bb <em>Projet Pluralisme : Universit\u00e9 de Harvard.<\/em> <a href=\"https:\/\/pluralism.org\/about\">https:\/\/pluralism.org\/about<\/a><\/p>\n<p>Eck, D. L. (s.d.) \u00ab\u00a0De la diversit\u00e9 au pluralisme\u00a0\u00bb.  <em>Projet Pluralisme : Universit\u00e9 de Harvard.<\/em>  <a href=\"http:\/\/pluralism.org\/encounter\/todays-challenges\/from-diversity-to-pluralism\/\" rel=\"nofollow\">http:\/\/pluralism.org\/encounter\/todays-challenges\/from-diversity-to-pluralism\/<\/a><\/p>\n<p>Jackson, R. (2014). <em>Signposts &#8211; Policy and practice for teaching about religions and non-religious worldviews in intercultural education<\/em>. Strasbourg : Conseil de l&rsquo;Europe.<\/p>\n<p>Lester, E. (2013). <em>Enseigner les religions : Une approche d\u00e9mocratique pour les \u00e9coles publiques<\/em>. Ann Arbor, MI : University of Michigan Press.<\/p>\n<p>Miedema, S. (2013). Sortir religieusement ! Religion et vision du monde en tant que partie int\u00e9grante du domaine social et public. <em>Religious Education, 108<\/em>(3), 236-240.<\/p>\n<p>Moore, D. (2007).  <em>Surmonter l&rsquo;analphab\u00e9tisme religieux : Une approche des \u00e9tudes culturelles pour l&rsquo;\u00e9tude de la religion dans l&rsquo;enseignement secondaire.<\/em>  New York, NY : Palgrave MacMillan.<\/p>\n<p>Nesbitt, E. (1993). Genre et tradition religieuse : l&rsquo;apprentissage du r\u00f4le des enfants hindous britanniques.<em> Genre et \u00e9ducation, 5<\/em> (1), 81-91.<\/p>\n<p>Prothero, S. (2009).  <em>La litt\u00e9ratie religieuse : Ce que chaque Am\u00e9ricain doit savoir &#8211; et ne sait pas.<\/em>  Harper Collins.<\/p>\n<p>&nbsp;<\/p>\n","protected":false},"excerpt":{"rendered":"<p>&nbsp; La litt\u00e9ratie religieuse civique au Canada est une compr\u00e9hension de la litt\u00e9ratie religieuse fond\u00e9e sur des objectifs civiques au Canada. &nbsp; La litt\u00e9ratie religieuse La litt\u00e9ratie religieuse ne consiste pas \u00e0 lire et \u00e0 \u00e9crire sur la religion. Il s&rsquo;agit de connaissances, de comp\u00e9tences et d&rsquo;optiques qui nous aident \u00e0 comprendre les perspectives, les [&hellip;]<\/p>\n","protected":false},"author":29790131,"featured_media":0,"parent":3715,"menu_order":0,"comment_status":"closed","ping_status":"closed","template":"","meta":{"_acf_changed":false,"_et_pb_use_builder":"","_et_pb_old_content":"","_et_gb_content_width":"","_coblocks_attr":"","_coblocks_dimensions":"","_coblocks_responsive_height":"","_coblocks_accordion_ie_support":"","_crdt_document":"","footnotes":""},"class_list":["post-3786","page","type-page","status-publish","hentry"],"acf":[],"yoast_head":"<!-- This site is optimized with the Yoast SEO plugin v27.3 - https:\/\/yoast.com\/product\/yoast-seo-wordpress\/ -->\n<title>Qu&#039;est-ce que la litt\u00e9ratie religieuse civique au Canada? - Le centre de litt\u00e9ratie religieuse civique<\/title>\n<meta name=\"description\" content=\"Au Canada, notre histoire, notre d\u00e9mographie, notre r\u00e9alit\u00e9 politique, \u00e9conomique, culturelle et sociale uniques exigent une compr\u00e9hension de la litt\u00e9ratie religieuse au niveau local.\" \/>\n<meta name=\"robots\" content=\"index, follow, max-snippet:-1, max-image-preview:large, max-video-preview:-1\" \/>\n<link rel=\"canonical\" href=\"https:\/\/ccrl-clrc.ca\/fr\/notre-travail\/quest-ce-que-la-litteratie-religieuse-civique-au-canada\/\" \/>\n<meta property=\"og:locale\" content=\"fr_FR\" \/>\n<meta property=\"og:type\" content=\"article\" \/>\n<meta property=\"og:title\" content=\"Qu&#039;est-ce que la litt\u00e9ratie religieuse civique au Canada? - Le centre de litt\u00e9ratie religieuse civique\" \/>\n<meta property=\"og:description\" content=\"Au Canada, notre histoire, notre d\u00e9mographie, notre r\u00e9alit\u00e9 politique, \u00e9conomique, culturelle et sociale uniques exigent une compr\u00e9hension de la litt\u00e9ratie religieuse au niveau local.\" \/>\n<meta property=\"og:url\" content=\"https:\/\/ccrl-clrc.ca\/fr\/notre-travail\/quest-ce-que-la-litteratie-religieuse-civique-au-canada\/\" \/>\n<meta property=\"og:site_name\" content=\"Le centre de litt\u00e9ratie religieuse civique\" \/>\n<meta property=\"article:publisher\" content=\"https:\/\/www.facebook.com\/The-Centre-for-Civic-Religious-Literacy-2033697073383562\/\" \/>\n<meta property=\"article:modified_time\" content=\"2025-10-23T21:26:21+00:00\" \/>\n<meta name=\"twitter:card\" content=\"summary_large_image\" \/>\n<meta name=\"twitter:site\" content=\"@CcrlClrc\" \/>\n<meta name=\"twitter:label1\" content=\"Dur\u00e9e de lecture estim\u00e9e\" \/>\n\t<meta name=\"twitter:data1\" content=\"4 minutes\" \/>\n<script type=\"application\/ld+json\" class=\"yoast-schema-graph\">{\"@context\":\"https:\\\/\\\/schema.org\",\"@graph\":[{\"@type\":\"WebPage\",\"@id\":\"https:\\\/\\\/ccrl-clrc.ca\\\/fr\\\/notre-travail\\\/quest-ce-que-la-litteratie-religieuse-civique-au-canada\\\/\",\"url\":\"https:\\\/\\\/ccrl-clrc.ca\\\/fr\\\/notre-travail\\\/quest-ce-que-la-litteratie-religieuse-civique-au-canada\\\/\",\"name\":\"Qu'est-ce que la litt\u00e9ratie religieuse civique au Canada? - Le centre de litt\u00e9ratie religieuse civique\",\"isPartOf\":{\"@id\":\"https:\\\/\\\/ccrl-clrc.ca\\\/fr\\\/#website\"},\"datePublished\":\"2021-10-16T20:13:39+00:00\",\"dateModified\":\"2025-10-23T21:26:21+00:00\",\"description\":\"Au Canada, notre histoire, notre d\u00e9mographie, notre r\u00e9alit\u00e9 politique, \u00e9conomique, culturelle et sociale uniques exigent une compr\u00e9hension de la litt\u00e9ratie religieuse au niveau local.\",\"breadcrumb\":{\"@id\":\"https:\\\/\\\/ccrl-clrc.ca\\\/fr\\\/notre-travail\\\/quest-ce-que-la-litteratie-religieuse-civique-au-canada\\\/#breadcrumb\"},\"inLanguage\":\"fr-FR\",\"potentialAction\":[{\"@type\":\"ReadAction\",\"target\":[\"https:\\\/\\\/ccrl-clrc.ca\\\/fr\\\/notre-travail\\\/quest-ce-que-la-litteratie-religieuse-civique-au-canada\\\/\"]}]},{\"@type\":\"BreadcrumbList\",\"@id\":\"https:\\\/\\\/ccrl-clrc.ca\\\/fr\\\/notre-travail\\\/quest-ce-que-la-litteratie-religieuse-civique-au-canada\\\/#breadcrumb\",\"itemListElement\":[{\"@type\":\"ListItem\",\"position\":1,\"name\":\"Accueil\",\"item\":\"https:\\\/\\\/ccrl-clrc.ca\\\/fr\\\/le-centre-de-litteratie-religieuse-civique-2\\\/\"},{\"@type\":\"ListItem\",\"position\":2,\"name\":\"Notre travail\",\"item\":\"https:\\\/\\\/ccrl-clrc.ca\\\/fr\\\/?page_id=3715\"},{\"@type\":\"ListItem\",\"position\":3,\"name\":\"Qu&rsquo;est-ce que la litt\u00e9ratie religieuse civique au Canada?\"}]},{\"@type\":\"WebSite\",\"@id\":\"https:\\\/\\\/ccrl-clrc.ca\\\/fr\\\/#website\",\"url\":\"https:\\\/\\\/ccrl-clrc.ca\\\/fr\\\/\",\"name\":\"Le centre de litt\u00e9ratie religieuse civique\",\"description\":\"Pour la promotion de la compr\u00e9hension au Canada\",\"publisher\":{\"@id\":\"https:\\\/\\\/ccrl-clrc.ca\\\/fr\\\/#organization\"},\"potentialAction\":[{\"@type\":\"SearchAction\",\"target\":{\"@type\":\"EntryPoint\",\"urlTemplate\":\"https:\\\/\\\/ccrl-clrc.ca\\\/fr\\\/?s={search_term_string}\"},\"query-input\":{\"@type\":\"PropertyValueSpecification\",\"valueRequired\":true,\"valueName\":\"search_term_string\"}}],\"inLanguage\":\"fr-FR\"},{\"@type\":\"Organization\",\"@id\":\"https:\\\/\\\/ccrl-clrc.ca\\\/fr\\\/#organization\",\"name\":\"Le centre de litt\u00e9ratie religieuse civique\",\"url\":\"https:\\\/\\\/ccrl-clrc.ca\\\/fr\\\/\",\"logo\":{\"@type\":\"ImageObject\",\"inLanguage\":\"fr-FR\",\"@id\":\"https:\\\/\\\/ccrl-clrc.ca\\\/fr\\\/#\\\/schema\\\/logo\\\/image\\\/\",\"url\":\"https:\\\/\\\/i2.wp.com\\\/ccrl-clrc.ca\\\/wp-content\\\/uploads\\\/2018\\\/10\\\/ccrl_logo.png?fit=1849%2C256&ssl=1\",\"contentUrl\":\"https:\\\/\\\/i2.wp.com\\\/ccrl-clrc.ca\\\/wp-content\\\/uploads\\\/2018\\\/10\\\/ccrl_logo.png?fit=1849%2C256&ssl=1\",\"width\":1849,\"height\":256,\"caption\":\"Le centre de litt\u00e9ratie religieuse civique\"},\"image\":{\"@id\":\"https:\\\/\\\/ccrl-clrc.ca\\\/fr\\\/#\\\/schema\\\/logo\\\/image\\\/\"},\"sameAs\":[\"https:\\\/\\\/www.facebook.com\\\/The-Centre-for-Civic-Religious-Literacy-2033697073383562\\\/\",\"https:\\\/\\\/x.com\\\/CcrlClrc\",\"https:\\\/\\\/www.instagram.com\\\/ccrl.clrc\\\/\",\"https:\\\/\\\/www.linkedin.com\\\/company\\\/ccrl-clrc\\\/\"]}]}<\/script>\n<!-- \/ Yoast SEO plugin. -->","yoast_head_json":{"title":"Qu'est-ce que la litt\u00e9ratie religieuse civique au Canada? - Le centre de litt\u00e9ratie religieuse civique","description":"Au Canada, notre histoire, notre d\u00e9mographie, notre r\u00e9alit\u00e9 politique, \u00e9conomique, culturelle et sociale uniques exigent une compr\u00e9hension de la litt\u00e9ratie religieuse au niveau local.","robots":{"index":"index","follow":"follow","max-snippet":"max-snippet:-1","max-image-preview":"max-image-preview:large","max-video-preview":"max-video-preview:-1"},"canonical":"https:\/\/ccrl-clrc.ca\/fr\/notre-travail\/quest-ce-que-la-litteratie-religieuse-civique-au-canada\/","og_locale":"fr_FR","og_type":"article","og_title":"Qu'est-ce que la litt\u00e9ratie religieuse civique au Canada? - Le centre de litt\u00e9ratie religieuse civique","og_description":"Au Canada, notre histoire, notre d\u00e9mographie, notre r\u00e9alit\u00e9 politique, \u00e9conomique, culturelle et sociale uniques exigent une compr\u00e9hension de la litt\u00e9ratie religieuse au niveau local.","og_url":"https:\/\/ccrl-clrc.ca\/fr\/notre-travail\/quest-ce-que-la-litteratie-religieuse-civique-au-canada\/","og_site_name":"Le centre de litt\u00e9ratie religieuse civique","article_publisher":"https:\/\/www.facebook.com\/The-Centre-for-Civic-Religious-Literacy-2033697073383562\/","article_modified_time":"2025-10-23T21:26:21+00:00","twitter_card":"summary_large_image","twitter_site":"@CcrlClrc","twitter_misc":{"Dur\u00e9e de lecture estim\u00e9e":"4 minutes"},"schema":{"@context":"https:\/\/schema.org","@graph":[{"@type":"WebPage","@id":"https:\/\/ccrl-clrc.ca\/fr\/notre-travail\/quest-ce-que-la-litteratie-religieuse-civique-au-canada\/","url":"https:\/\/ccrl-clrc.ca\/fr\/notre-travail\/quest-ce-que-la-litteratie-religieuse-civique-au-canada\/","name":"Qu'est-ce que la litt\u00e9ratie religieuse civique au Canada? - Le centre de litt\u00e9ratie religieuse civique","isPartOf":{"@id":"https:\/\/ccrl-clrc.ca\/fr\/#website"},"datePublished":"2021-10-16T20:13:39+00:00","dateModified":"2025-10-23T21:26:21+00:00","description":"Au Canada, notre histoire, notre d\u00e9mographie, notre r\u00e9alit\u00e9 politique, \u00e9conomique, culturelle et sociale uniques exigent une compr\u00e9hension de la litt\u00e9ratie religieuse au niveau local.","breadcrumb":{"@id":"https:\/\/ccrl-clrc.ca\/fr\/notre-travail\/quest-ce-que-la-litteratie-religieuse-civique-au-canada\/#breadcrumb"},"inLanguage":"fr-FR","potentialAction":[{"@type":"ReadAction","target":["https:\/\/ccrl-clrc.ca\/fr\/notre-travail\/quest-ce-que-la-litteratie-religieuse-civique-au-canada\/"]}]},{"@type":"BreadcrumbList","@id":"https:\/\/ccrl-clrc.ca\/fr\/notre-travail\/quest-ce-que-la-litteratie-religieuse-civique-au-canada\/#breadcrumb","itemListElement":[{"@type":"ListItem","position":1,"name":"Accueil","item":"https:\/\/ccrl-clrc.ca\/fr\/le-centre-de-litteratie-religieuse-civique-2\/"},{"@type":"ListItem","position":2,"name":"Notre travail","item":"https:\/\/ccrl-clrc.ca\/fr\/?page_id=3715"},{"@type":"ListItem","position":3,"name":"Qu&rsquo;est-ce que la litt\u00e9ratie religieuse civique au Canada?"}]},{"@type":"WebSite","@id":"https:\/\/ccrl-clrc.ca\/fr\/#website","url":"https:\/\/ccrl-clrc.ca\/fr\/","name":"Le centre de litt\u00e9ratie religieuse civique","description":"Pour la promotion de la compr\u00e9hension au Canada","publisher":{"@id":"https:\/\/ccrl-clrc.ca\/fr\/#organization"},"potentialAction":[{"@type":"SearchAction","target":{"@type":"EntryPoint","urlTemplate":"https:\/\/ccrl-clrc.ca\/fr\/?s={search_term_string}"},"query-input":{"@type":"PropertyValueSpecification","valueRequired":true,"valueName":"search_term_string"}}],"inLanguage":"fr-FR"},{"@type":"Organization","@id":"https:\/\/ccrl-clrc.ca\/fr\/#organization","name":"Le centre de litt\u00e9ratie religieuse civique","url":"https:\/\/ccrl-clrc.ca\/fr\/","logo":{"@type":"ImageObject","inLanguage":"fr-FR","@id":"https:\/\/ccrl-clrc.ca\/fr\/#\/schema\/logo\/image\/","url":"https:\/\/i2.wp.com\/ccrl-clrc.ca\/wp-content\/uploads\/2018\/10\/ccrl_logo.png?fit=1849%2C256&ssl=1","contentUrl":"https:\/\/i2.wp.com\/ccrl-clrc.ca\/wp-content\/uploads\/2018\/10\/ccrl_logo.png?fit=1849%2C256&ssl=1","width":1849,"height":256,"caption":"Le centre de litt\u00e9ratie religieuse civique"},"image":{"@id":"https:\/\/ccrl-clrc.ca\/fr\/#\/schema\/logo\/image\/"},"sameAs":["https:\/\/www.facebook.com\/The-Centre-for-Civic-Religious-Literacy-2033697073383562\/","https:\/\/x.com\/CcrlClrc","https:\/\/www.instagram.com\/ccrl.clrc\/","https:\/\/www.linkedin.com\/company\/ccrl-clrc\/"]}]}},"jetpack_likes_enabled":false,"jetpack_sharing_enabled":false,"jetpack_shortlink":"https:\/\/wp.me\/PafvDM-Z4","amp_enabled":true,"_links":{"self":[{"href":"https:\/\/ccrl-clrc.ca\/fr\/wp-json\/wp\/v2\/pages\/3786","targetHints":{"allow":["GET"]}}],"collection":[{"href":"https:\/\/ccrl-clrc.ca\/fr\/wp-json\/wp\/v2\/pages"}],"about":[{"href":"https:\/\/ccrl-clrc.ca\/fr\/wp-json\/wp\/v2\/types\/page"}],"author":[{"embeddable":true,"href":"https:\/\/ccrl-clrc.ca\/fr\/wp-json\/wp\/v2\/users\/29790131"}],"replies":[{"embeddable":true,"href":"https:\/\/ccrl-clrc.ca\/fr\/wp-json\/wp\/v2\/comments?post=3786"}],"version-history":[{"count":8,"href":"https:\/\/ccrl-clrc.ca\/fr\/wp-json\/wp\/v2\/pages\/3786\/revisions"}],"predecessor-version":[{"id":7515,"href":"https:\/\/ccrl-clrc.ca\/fr\/wp-json\/wp\/v2\/pages\/3786\/revisions\/7515"}],"up":[{"embeddable":true,"href":"https:\/\/ccrl-clrc.ca\/fr\/wp-json\/wp\/v2\/pages\/3715"}],"wp:attachment":[{"href":"https:\/\/ccrl-clrc.ca\/fr\/wp-json\/wp\/v2\/media?parent=3786"}],"curies":[{"name":"wp","href":"https:\/\/api.w.org\/{rel}","templated":true}]}}