{"id":3739,"date":"2021-10-16T20:13:37","date_gmt":"2021-10-16T20:13:37","guid":{"rendered":"https:\/\/ccrl-clrc.ca\/wy-alice-chan-ph-d\/"},"modified":"2025-10-02T15:05:17","modified_gmt":"2025-10-02T15:05:17","slug":"alice-chan","status":"publish","type":"page","link":"https:\/\/ccrl-clrc.ca\/fr\/alice-chan\/","title":{"rendered":"WY Alice Chan, Ph.D."},"content":{"rendered":"<p><img data-recalc-dims=\"1\" loading=\"lazy\" decoding=\"async\" class=\"wp-image-105 alignleft\" src=\"https:\/\/i0.wp.com\/ccrl-clrc.ca\/wp-content\/uploads\/2018\/09\/alice_v2.jpg?resize=277%2C322&#038;ssl=1\" alt=\"\" width=\"277\" height=\"322\"><strong>WY Alice Chan, Ph.D.,<em> Directeur ex\u00e9cutif, co-fondateur<\/em><\/strong><\/p>\n<p>Chaque association est diff\u00e9rente, tout comme chacun de ses directeurs ex\u00e9cutifs. Comme certains, j&rsquo;aime \u00eatre au c\u0153ur de l&rsquo;action. <\/p>\n<p>Ma passion en tant qu&rsquo;\u00e9ducateur-chercheur signifie que j&rsquo;aime rencontrer de nouvelles personnes, r\u00e9fl\u00e9chir, apprendre, concevoir et d\u00e9velopper des projets, tout comme le reste de notre incroyable \u00e9quipe. Dans notre travail, je suis constamment \u00e0 l&rsquo;\u00e9coute et je collabore avec enthousiasme pour trouver des moyens de promouvoir une compr\u00e9hension profonde et le respect de <span style=\"text-decoration: underline;\">chacun<\/span>. <\/p>\n<p>En tant qu&rsquo;exploratrice, j&rsquo;ai travaill\u00e9 dans des entreprises multinationales, des organisations internationales religieuses et non religieuses, ainsi que dans le domaine de l&rsquo;\u00e9ducation en tant qu&rsquo;enseignante au coll\u00e8ge et charg\u00e9e de cours \u00e0 l&rsquo;Universit\u00e9 McGill et \u00e0 l&rsquo;Institut d&rsquo;\u00e9tudes p\u00e9dagogiques de l&rsquo;Ontario (OISE) de l&rsquo;Universit\u00e9 de Toronto. Mes exp\u00e9riences et mes questions m&rsquo;ont amen\u00e9e \u00e0 faire des recherches sur les<a style=\"font-style: inherit; font-weight: inherit;\" href=\"https:\/\/alicechan.org\/\"> intimidation religieuses<\/a>, la <a href=\"https:\/\/ccrl-clrc.ca\/fr\/notre-travail\/quest-ce-que-la-litteratie-religieuse-civique-au-canada\/\">litt\u00e9ratie religieuse<\/a> et la discrimination religieuse, ce qui m&rsquo;a \u00e9galement permis de changer de vie en Californie et en G\u00e9orgie, comme en t\u00e9moignent deux livres :<a href=\"https:\/\/www.routledge.com\/Teaching-Religious-Literacy-to-Combat-Religious-Bullying-Insights-from\/Chan\/p\/book\/9780367640415\"> <em>Teaching Religious Literacy to Combat Religious Bullying : Insights from North American Secondary Schools<\/em><\/a> (Routledge, 2021) et <a href=\"https:\/\/www.routledge.com\/Equipping-Educators-to-Teach-Religious-Literacy-Lessons-from-a-Teacher\/Lester-Chan\/p\/book\/9780367775216\">Equipping Educators to Teach Religious Literacy : Lessons from a Teacher Education Program in the American So<em>uth<\/em><\/a> (Routledge, 2022). <\/p>\n<p>Ces exp\u00e9riences se sont traduites par des projets du CLRC dans les zones rurales de l&rsquo;Alberta et de l&rsquo;Ontario, entre autres, et par des publications dans divers organes, notamment<a href=\"https:\/\/mgiep.unesco.org\/\"> l&rsquo;Institut Mahatma Gandhi d&rsquo;\u00e9ducation pour la paix et le d\u00e9veloppement durable<\/a> de l&rsquo;UNESCO (MGIEP) et<a href=\"https:\/\/institute.global\/\"> l&rsquo;Institut Tony Blair pour le changement mondial<\/a>. Parmi les autres d\u00e9bouch\u00e9s, citons des pr\u00e9sentations lors de conf\u00e9rences, comme une pr\u00e9sentation en panel \u00e0 la conf\u00e9rence du <a href=\"https:\/\/www.canva.com\/design\/DAFo5xE6SBA\/ekMmjy7Z1_ddoF4Bx42dnQ\/edit\">Center for Faith-based Neighborhood Partnership du minist\u00e8re am\u00e9ricain de l&rsquo;\u00e9ducation<\/a> en 2023 et des contributions en tant que d\u00e9l\u00e9gu\u00e9 invit\u00e9 \u00e0 <a href=\"https:\/\/www.ipu.org\/event\/second-parliamentary-conference-interfaith-dialogue\">la deuxi\u00e8me conf\u00e9rence parlementaire de l&rsquo;Union interparlementaire sur le dialogue interreligieux<\/a> \u00e0 Rome (2025).<\/p>\n<p>Dans tout ce travail, j&rsquo;apporte les perspectives et les lentilles de mes \u00e9tudes de premier cycle en sociologie et en \u00e9conomie, de ma ma\u00eetrise en \u00e9ducation de l&rsquo;OISE\/Universit\u00e9 de Toronto et de mon doctorat de la Facult\u00e9 d&rsquo;\u00e9ducation de l&rsquo;Universit\u00e9 McGill. En tant que praticienne de la tierce partie neutre certifi\u00e9e par<a href=\"https:\/\/www.cicr-icrc.ca\/en\/\"> l&rsquo;Institut canadien pour la r\u00e9solution des conflits<\/a> et enseignante certifi\u00e9e par l&rsquo;Ordre des enseignantes et des enseignants de l&rsquo;Ontario, mes comp\u00e9tences en mati\u00e8re de facilitation, d&rsquo;\u00e9ducation et de dialogue constituent \u00e9galement un fondement solide de mon travail. <\/p>\n<p>Si vous souhaitez en savoir plus sur le harc\u00e8lement religieux ou consulter mes publications r\u00e9centes, veuillez visiter ma page personnelle : <a href=\"https:\/\/alicechan.org\" rel=\"nofollow\">https:\/\/alicechan.org<\/a>.<\/p>\n<p>Notre \u00e9quipe co-publie r\u00e9guli\u00e8rement sur la litt\u00e9ratie religieuse et ces publications sont disponibles \u00e0 l&rsquo;adresse suivante : <a href=\"https:\/\/ccrl-clrc.ca\/fr\/nos-publications-de-recherche\/\">https:\/\/ccrl-clrc.ca\/publications<\/a> .<\/p>\n<p>Je me suis profond\u00e9ment engag\u00e9e \u00e0 faire en sorte que la recherche (en particulier dans le domaine de la culture religieuse) soit partag\u00e9e de mani\u00e8re accessible, pertinente et concr\u00e8te avec tous les membres de la soci\u00e9t\u00e9. Si vous souhaitez discuter des travaux du CLRC, n&rsquo;h\u00e9sitez pas \u00e0 me contacter directement : <a href=\"mailto:alice@ccrl-clrc.ca\">alice@ccrl-clrc.ca <\/a>. <\/p>\n","protected":false},"excerpt":{"rendered":"<p>WY Alice Chan, Ph.D., Directeur ex\u00e9cutif, co-fondateur Chaque association est diff\u00e9rente, tout comme chacun de ses directeurs ex\u00e9cutifs. Comme certains, j&rsquo;aime \u00eatre au c\u0153ur de l&rsquo;action. Ma passion en tant qu&rsquo;\u00e9ducateur-chercheur signifie que j&rsquo;aime rencontrer de nouvelles personnes, r\u00e9fl\u00e9chir, apprendre, concevoir et d\u00e9velopper des projets, tout comme le reste de notre incroyable \u00e9quipe. Dans notre [&hellip;]<\/p>\n","protected":false},"author":29790131,"featured_media":0,"parent":0,"menu_order":0,"comment_status":"closed","ping_status":"closed","template":"","meta":{"_acf_changed":false,"_et_pb_use_builder":"","_et_pb_old_content":"","_et_gb_content_width":"","_coblocks_attr":"","_coblocks_dimensions":"","_coblocks_responsive_height":"","_coblocks_accordion_ie_support":"","_crdt_document":"","footnotes":""},"class_list":["post-3739","page","type-page","status-publish","hentry"],"acf":[],"yoast_head":"<!-- This site is optimized with the Yoast SEO plugin v27.5 - https:\/\/yoast.com\/product\/yoast-seo-wordpress\/ -->\n<title>WY Alice Chan, Ph.D. - Le centre de litt\u00e9ratie religieuse civique<\/title>\n<meta name=\"description\" content=\"Alice Chan, directrice ex\u00e9cutive et cofondatrice, s&#039;est profond\u00e9ment engag\u00e9e \u00e0 faire en sorte que la litt\u00e9ratie religieuse soit partag\u00e9e d&#039;une mani\u00e8re accessible, pertinente et concr\u00e8te.\" \/>\n<meta name=\"robots\" content=\"index, follow, max-snippet:-1, max-image-preview:large, max-video-preview:-1\" \/>\n<link rel=\"canonical\" href=\"https:\/\/ccrl-clrc.ca\/fr\/alice-chan\/\" \/>\n<meta property=\"og:locale\" content=\"fr_FR\" \/>\n<meta property=\"og:type\" content=\"article\" \/>\n<meta property=\"og:title\" content=\"WY Alice Chan, Ph.D. - Le centre de litt\u00e9ratie religieuse civique\" \/>\n<meta property=\"og:description\" content=\"Alice Chan, directrice ex\u00e9cutive et cofondatrice, s&#039;est profond\u00e9ment engag\u00e9e \u00e0 faire en sorte que la litt\u00e9ratie religieuse soit partag\u00e9e d&#039;une mani\u00e8re accessible, pertinente et concr\u00e8te.\" \/>\n<meta property=\"og:url\" content=\"https:\/\/ccrl-clrc.ca\/fr\/alice-chan\/\" \/>\n<meta property=\"og:site_name\" content=\"Le centre de litt\u00e9ratie religieuse civique\" \/>\n<meta property=\"article:publisher\" content=\"https:\/\/www.facebook.com\/The-Centre-for-Civic-Religious-Literacy-2033697073383562\/\" \/>\n<meta property=\"article:modified_time\" content=\"2025-10-02T15:05:17+00:00\" \/>\n<meta property=\"og:image\" content=\"https:\/\/ccrl-clrc.ca\/wp-content\/uploads\/2018\/09\/alice_v2.jpg\" \/>\n<meta name=\"twitter:card\" content=\"summary_large_image\" \/>\n<meta name=\"twitter:site\" content=\"@CcrlClrc\" \/>\n<meta name=\"twitter:label1\" content=\"Dur\u00e9e de lecture estim\u00e9e\" \/>\n\t<meta name=\"twitter:data1\" content=\"3 minutes\" \/>\n<script type=\"application\/ld+json\" class=\"yoast-schema-graph\">{\"@context\":\"https:\\\/\\\/schema.org\",\"@graph\":[{\"@type\":\"WebPage\",\"@id\":\"https:\\\/\\\/ccrl-clrc.ca\\\/fr\\\/alice-chan\\\/\",\"url\":\"https:\\\/\\\/ccrl-clrc.ca\\\/fr\\\/alice-chan\\\/\",\"name\":\"WY Alice Chan, Ph.D. - Le centre de litt\u00e9ratie religieuse civique\",\"isPartOf\":{\"@id\":\"https:\\\/\\\/ccrl-clrc.ca\\\/fr\\\/#website\"},\"primaryImageOfPage\":{\"@id\":\"https:\\\/\\\/ccrl-clrc.ca\\\/fr\\\/alice-chan\\\/#primaryimage\"},\"image\":{\"@id\":\"https:\\\/\\\/ccrl-clrc.ca\\\/fr\\\/alice-chan\\\/#primaryimage\"},\"thumbnailUrl\":\"https:\\\/\\\/ccrl-clrc.ca\\\/wp-content\\\/uploads\\\/2018\\\/09\\\/alice_v2.jpg\",\"datePublished\":\"2021-10-16T20:13:37+00:00\",\"dateModified\":\"2025-10-02T15:05:17+00:00\",\"description\":\"Alice Chan, directrice ex\u00e9cutive et cofondatrice, s'est profond\u00e9ment engag\u00e9e \u00e0 faire en sorte que la litt\u00e9ratie religieuse soit partag\u00e9e d'une mani\u00e8re accessible, pertinente et concr\u00e8te.\",\"breadcrumb\":{\"@id\":\"https:\\\/\\\/ccrl-clrc.ca\\\/fr\\\/alice-chan\\\/#breadcrumb\"},\"inLanguage\":\"fr-FR\",\"potentialAction\":[{\"@type\":\"ReadAction\",\"target\":[\"https:\\\/\\\/ccrl-clrc.ca\\\/fr\\\/alice-chan\\\/\"]}]},{\"@type\":\"ImageObject\",\"inLanguage\":\"fr-FR\",\"@id\":\"https:\\\/\\\/ccrl-clrc.ca\\\/fr\\\/alice-chan\\\/#primaryimage\",\"url\":\"https:\\\/\\\/ccrl-clrc.ca\\\/wp-content\\\/uploads\\\/2018\\\/09\\\/alice_v2.jpg\",\"contentUrl\":\"https:\\\/\\\/ccrl-clrc.ca\\\/wp-content\\\/uploads\\\/2018\\\/09\\\/alice_v2.jpg\"},{\"@type\":\"BreadcrumbList\",\"@id\":\"https:\\\/\\\/ccrl-clrc.ca\\\/fr\\\/alice-chan\\\/#breadcrumb\",\"itemListElement\":[{\"@type\":\"ListItem\",\"position\":1,\"name\":\"Accueil\",\"item\":\"https:\\\/\\\/ccrl-clrc.ca\\\/fr\\\/le-centre-de-litteratie-religieuse-civique-2\\\/\"},{\"@type\":\"ListItem\",\"position\":2,\"name\":\"WY Alice Chan, Ph.D.\"}]},{\"@type\":\"WebSite\",\"@id\":\"https:\\\/\\\/ccrl-clrc.ca\\\/fr\\\/#website\",\"url\":\"https:\\\/\\\/ccrl-clrc.ca\\\/fr\\\/\",\"name\":\"Le centre de litt\u00e9ratie religieuse civique\",\"description\":\"Pour la promotion de la compr\u00e9hension au Canada\",\"publisher\":{\"@id\":\"https:\\\/\\\/ccrl-clrc.ca\\\/fr\\\/#organization\"},\"potentialAction\":[{\"@type\":\"SearchAction\",\"target\":{\"@type\":\"EntryPoint\",\"urlTemplate\":\"https:\\\/\\\/ccrl-clrc.ca\\\/fr\\\/?s={search_term_string}\"},\"query-input\":{\"@type\":\"PropertyValueSpecification\",\"valueRequired\":true,\"valueName\":\"search_term_string\"}}],\"inLanguage\":\"fr-FR\"},{\"@type\":\"Organization\",\"@id\":\"https:\\\/\\\/ccrl-clrc.ca\\\/fr\\\/#organization\",\"name\":\"Le centre de litt\u00e9ratie religieuse civique\",\"url\":\"https:\\\/\\\/ccrl-clrc.ca\\\/fr\\\/\",\"logo\":{\"@type\":\"ImageObject\",\"inLanguage\":\"fr-FR\",\"@id\":\"https:\\\/\\\/ccrl-clrc.ca\\\/fr\\\/#\\\/schema\\\/logo\\\/image\\\/\",\"url\":\"https:\\\/\\\/i2.wp.com\\\/ccrl-clrc.ca\\\/wp-content\\\/uploads\\\/2018\\\/10\\\/ccrl_logo.png?fit=1849%2C256&ssl=1\",\"contentUrl\":\"https:\\\/\\\/i2.wp.com\\\/ccrl-clrc.ca\\\/wp-content\\\/uploads\\\/2018\\\/10\\\/ccrl_logo.png?fit=1849%2C256&ssl=1\",\"width\":1849,\"height\":256,\"caption\":\"Le centre de litt\u00e9ratie religieuse civique\"},\"image\":{\"@id\":\"https:\\\/\\\/ccrl-clrc.ca\\\/fr\\\/#\\\/schema\\\/logo\\\/image\\\/\"},\"sameAs\":[\"https:\\\/\\\/www.facebook.com\\\/The-Centre-for-Civic-Religious-Literacy-2033697073383562\\\/\",\"https:\\\/\\\/x.com\\\/CcrlClrc\",\"https:\\\/\\\/www.instagram.com\\\/ccrl.clrc\\\/\",\"https:\\\/\\\/www.linkedin.com\\\/company\\\/ccrl-clrc\\\/\"]}]}<\/script>\n<!-- \/ Yoast SEO plugin. -->","yoast_head_json":{"title":"WY Alice Chan, Ph.D. - Le centre de litt\u00e9ratie religieuse civique","description":"Alice Chan, directrice ex\u00e9cutive et cofondatrice, s'est profond\u00e9ment engag\u00e9e \u00e0 faire en sorte que la litt\u00e9ratie religieuse soit partag\u00e9e d'une mani\u00e8re accessible, pertinente et concr\u00e8te.","robots":{"index":"index","follow":"follow","max-snippet":"max-snippet:-1","max-image-preview":"max-image-preview:large","max-video-preview":"max-video-preview:-1"},"canonical":"https:\/\/ccrl-clrc.ca\/fr\/alice-chan\/","og_locale":"fr_FR","og_type":"article","og_title":"WY Alice Chan, Ph.D. - Le centre de litt\u00e9ratie religieuse civique","og_description":"Alice Chan, directrice ex\u00e9cutive et cofondatrice, s'est profond\u00e9ment engag\u00e9e \u00e0 faire en sorte que la litt\u00e9ratie religieuse soit partag\u00e9e d'une mani\u00e8re accessible, pertinente et concr\u00e8te.","og_url":"https:\/\/ccrl-clrc.ca\/fr\/alice-chan\/","og_site_name":"Le centre de litt\u00e9ratie religieuse civique","article_publisher":"https:\/\/www.facebook.com\/The-Centre-for-Civic-Religious-Literacy-2033697073383562\/","article_modified_time":"2025-10-02T15:05:17+00:00","og_image":[{"url":"https:\/\/ccrl-clrc.ca\/wp-content\/uploads\/2018\/09\/alice_v2.jpg","type":"","width":"","height":""}],"twitter_card":"summary_large_image","twitter_site":"@CcrlClrc","twitter_misc":{"Dur\u00e9e de lecture estim\u00e9e":"3 minutes"},"schema":{"@context":"https:\/\/schema.org","@graph":[{"@type":"WebPage","@id":"https:\/\/ccrl-clrc.ca\/fr\/alice-chan\/","url":"https:\/\/ccrl-clrc.ca\/fr\/alice-chan\/","name":"WY Alice Chan, Ph.D. - Le centre de litt\u00e9ratie religieuse civique","isPartOf":{"@id":"https:\/\/ccrl-clrc.ca\/fr\/#website"},"primaryImageOfPage":{"@id":"https:\/\/ccrl-clrc.ca\/fr\/alice-chan\/#primaryimage"},"image":{"@id":"https:\/\/ccrl-clrc.ca\/fr\/alice-chan\/#primaryimage"},"thumbnailUrl":"https:\/\/ccrl-clrc.ca\/wp-content\/uploads\/2018\/09\/alice_v2.jpg","datePublished":"2021-10-16T20:13:37+00:00","dateModified":"2025-10-02T15:05:17+00:00","description":"Alice Chan, directrice ex\u00e9cutive et cofondatrice, s'est profond\u00e9ment engag\u00e9e \u00e0 faire en sorte que la litt\u00e9ratie religieuse soit partag\u00e9e d'une mani\u00e8re accessible, pertinente et concr\u00e8te.","breadcrumb":{"@id":"https:\/\/ccrl-clrc.ca\/fr\/alice-chan\/#breadcrumb"},"inLanguage":"fr-FR","potentialAction":[{"@type":"ReadAction","target":["https:\/\/ccrl-clrc.ca\/fr\/alice-chan\/"]}]},{"@type":"ImageObject","inLanguage":"fr-FR","@id":"https:\/\/ccrl-clrc.ca\/fr\/alice-chan\/#primaryimage","url":"https:\/\/ccrl-clrc.ca\/wp-content\/uploads\/2018\/09\/alice_v2.jpg","contentUrl":"https:\/\/ccrl-clrc.ca\/wp-content\/uploads\/2018\/09\/alice_v2.jpg"},{"@type":"BreadcrumbList","@id":"https:\/\/ccrl-clrc.ca\/fr\/alice-chan\/#breadcrumb","itemListElement":[{"@type":"ListItem","position":1,"name":"Accueil","item":"https:\/\/ccrl-clrc.ca\/fr\/le-centre-de-litteratie-religieuse-civique-2\/"},{"@type":"ListItem","position":2,"name":"WY Alice Chan, Ph.D."}]},{"@type":"WebSite","@id":"https:\/\/ccrl-clrc.ca\/fr\/#website","url":"https:\/\/ccrl-clrc.ca\/fr\/","name":"Le centre de litt\u00e9ratie religieuse civique","description":"Pour la promotion de la compr\u00e9hension au Canada","publisher":{"@id":"https:\/\/ccrl-clrc.ca\/fr\/#organization"},"potentialAction":[{"@type":"SearchAction","target":{"@type":"EntryPoint","urlTemplate":"https:\/\/ccrl-clrc.ca\/fr\/?s={search_term_string}"},"query-input":{"@type":"PropertyValueSpecification","valueRequired":true,"valueName":"search_term_string"}}],"inLanguage":"fr-FR"},{"@type":"Organization","@id":"https:\/\/ccrl-clrc.ca\/fr\/#organization","name":"Le centre de litt\u00e9ratie religieuse civique","url":"https:\/\/ccrl-clrc.ca\/fr\/","logo":{"@type":"ImageObject","inLanguage":"fr-FR","@id":"https:\/\/ccrl-clrc.ca\/fr\/#\/schema\/logo\/image\/","url":"https:\/\/i2.wp.com\/ccrl-clrc.ca\/wp-content\/uploads\/2018\/10\/ccrl_logo.png?fit=1849%2C256&ssl=1","contentUrl":"https:\/\/i2.wp.com\/ccrl-clrc.ca\/wp-content\/uploads\/2018\/10\/ccrl_logo.png?fit=1849%2C256&ssl=1","width":1849,"height":256,"caption":"Le centre de litt\u00e9ratie religieuse civique"},"image":{"@id":"https:\/\/ccrl-clrc.ca\/fr\/#\/schema\/logo\/image\/"},"sameAs":["https:\/\/www.facebook.com\/The-Centre-for-Civic-Religious-Literacy-2033697073383562\/","https:\/\/x.com\/CcrlClrc","https:\/\/www.instagram.com\/ccrl.clrc\/","https:\/\/www.linkedin.com\/company\/ccrl-clrc\/"]}]}},"jetpack_likes_enabled":false,"jetpack_sharing_enabled":false,"jetpack_shortlink":"https:\/\/wp.me\/PafvDM-Yj","amp_enabled":true,"_links":{"self":[{"href":"https:\/\/ccrl-clrc.ca\/fr\/wp-json\/wp\/v2\/pages\/3739","targetHints":{"allow":["GET"]}}],"collection":[{"href":"https:\/\/ccrl-clrc.ca\/fr\/wp-json\/wp\/v2\/pages"}],"about":[{"href":"https:\/\/ccrl-clrc.ca\/fr\/wp-json\/wp\/v2\/types\/page"}],"author":[{"embeddable":true,"href":"https:\/\/ccrl-clrc.ca\/fr\/wp-json\/wp\/v2\/users\/29790131"}],"replies":[{"embeddable":true,"href":"https:\/\/ccrl-clrc.ca\/fr\/wp-json\/wp\/v2\/comments?post=3739"}],"version-history":[{"count":3,"href":"https:\/\/ccrl-clrc.ca\/fr\/wp-json\/wp\/v2\/pages\/3739\/revisions"}],"predecessor-version":[{"id":7426,"href":"https:\/\/ccrl-clrc.ca\/fr\/wp-json\/wp\/v2\/pages\/3739\/revisions\/7426"}],"wp:attachment":[{"href":"https:\/\/ccrl-clrc.ca\/fr\/wp-json\/wp\/v2\/media?parent=3739"}],"curies":[{"name":"wp","href":"https:\/\/api.w.org\/{rel}","templated":true}]}}