{"id":3700,"date":"2021-10-16T20:13:20","date_gmt":"2021-10-16T20:13:20","guid":{"rendered":"https:\/\/ccrl-clrc.ca\/soutenez-nous\/"},"modified":"2025-11-05T19:39:28","modified_gmt":"2025-11-05T19:39:28","slug":"soutenez-nous","status":"publish","type":"page","link":"https:\/\/ccrl-clrc.ca\/fr\/soutenez-nous\/","title":{"rendered":"Soutenez-nous"},"content":{"rendered":"<p style=\"text-align: center;\">La CLRC est un organisme de bienfaisance enregistr\u00e9 aupr\u00e8s de l&rsquo;Agence du revenu du Canada, sous le <span aria-hidden=\"true\">num\u00e9ro<\/span> 752785089RR0001.<\/p>\n<p style=\"text-align: center;\"><strong>En tant qu&rsquo;organisme \u00e0 but non lucratif, nous appr\u00e9cions votre soutien. Il contribue directement \u00e0 nos co\u00fbts op\u00e9rationnels et \u00e0 notre programmation quotidiens.<\/strong><\/p>\n<p style=\"text-align: center;\">Notre travail est financ\u00e9 par des subventions de projet, des projets r\u00e9mun\u00e9r\u00e9s \u00e0 l&rsquo;acte et des dons priv\u00e9s. Nous appr\u00e9cions donc votre soutien sans r\u00e9serve.<\/p>\n<p style=\"text-align: center;\"><a href='https:\/\/www.zeffy.com\/en-CA\/donation-form\/donate-to-make-a-difference-7495' class='small-button smallpurple'>Donner ici<\/a><\/p>\n<p style=\"text-align: center;\">Pour savoir quels programmes vous pouvez soutenir, voici une liste de <a href=\"https:\/\/ccrl-clrc.ca\/fr\/projets\/\">nos projets<\/a>.<\/p>\n<p style=\"text-align: center;\">Si vous souhaitez offrir des dons en nature, veuillez nous contacter \u00e0<a href=\"mailto:info@ccrl.clrc.ca\"> info@ccrl.clrc.ca<\/a> .<\/p>\n<p style=\"text-align: center;\">Si vous souhaitez faire un don par ch\u00e8que, merci de le poster \u00e0 :<\/p>\n<p style=\"text-align: center;\">Le centre de litt\u00e9ratie religieuse civique<\/p>\n<p style=\"text-align: center;\">2180 Rue Sainte-Catherine Ouest<br \/>\nMontr\u00e9al QC <span class=\"nowrap\">H3H 1M7<\/span><br \/>\nCanada<\/p>\n<p style=\"text-align: center;\">Veuillez indiquer \u00ab\u00a0Don \u00e0 la CLRC\u00a0\u00bb dans la ligne de m\u00e9mo.<\/p>\n<p>&nbsp;<\/p>\n<h1 style=\"text-align: center;\">Autres moyens de nous soutenir<\/h1>\n<p><a href=\"https:\/\/i0.wp.com\/ccrl-clrc.ca\/wp-content\/uploads\/2025\/11\/Screenshot-2025-11-05-141419.png?ssl=1\"><img data-recalc-dims=\"1\" loading=\"lazy\" decoding=\"async\" class=\"aligncenter size-full wp-image-7544\" src=\"https:\/\/i0.wp.com\/ccrl-clrc.ca\/wp-content\/uploads\/2025\/11\/Screenshot-2025-11-05-141419.png?resize=599%2C930&#038;ssl=1\" alt=\"\" width=\"599\" height=\"930\" srcset=\"https:\/\/ccrl-clrc.ca\/wp-content\/uploads\/2025\/11\/Screenshot-2025-11-05-141419.png 599w, https:\/\/ccrl-clrc.ca\/wp-content\/uploads\/2025\/11\/Screenshot-2025-11-05-141419-480x745.png 480w\" sizes=\"auto, (min-width: 0px) and (max-width: 480px) 480px, (min-width: 481px) 599px, 100vw\" \/><\/a><\/p>\n<p><b>Faites une promesse de don<\/b><\/p>\n<p>Engagez-vous \u00e0 approfondir vos litt\u00e9ratie religieuses et \u00e0 les mettre en pratique dans votre vie et votre communaut\u00e9. Vous pouvez lire la d\u00e9claration (image ci-dessus), la signer, la publier sur vos r\u00e9seaux sociaux ou l&rsquo;imprimer pour l&rsquo;afficher chez vous, au bureau ou dans un espace communautaire. T\u00e9l\u00e9chargez la d\u00e9claration anglais en cliquant<strong><a href=\"https:\/\/ccrl-clrc.ca\/wp-content\/uploads\/2025\/11\/CCRL_Pledge.pdf\"> ici<\/a><\/strong>. (Une version fran\u00e7aise sera bient\u00f4t disponible.)  <\/p>\n<p><b>Parlez aux autres de la litt\u00e9ratie religieuse<\/b><\/p>\n<p>Parlez \u00e0 un ami, un membre de votre famille, un coll\u00e8gue, un \u00e9ducateur, un dirigeant local ou toute autre personne de la litt\u00e9ratie religieuse et de son approche pratique pour aider les gens \u00e0 vivre, travailler et mieux s&rsquo;engager ensemble. Il suffit simplement de partager notre site web. <\/p>\n<p><b>Rejoignez-nous sur Causeries du CLRC<\/b><\/p>\n<p>Partagez vos id\u00e9es, vos points de vue et vos exp\u00e9riences avec nous lors de nos discussions en ligne r\u00e9guli\u00e8res Causeries du CLRC. Ces sessions informelles nous permettent de partager les projets et les id\u00e9es du CLRC. Elles nous permettent \u00e9galement d&rsquo;apprendre de vous et des autres. Inscrivez-vous \u00e0 notre liste de diffusion <strong><a href=\"https:\/\/ccrl-clrc.us19.list-manage.com\/subscribe?u=18192c29b6590bc2a64ce1f45&amp;id=005fef8ac2\">ici<\/a><\/strong> pour \u00eatre inform\u00e9 des prochains Causeries du CLRC.   <\/p>\n<p><b>Aidez-nous \u00e0 apprendre <\/b><\/p>\n<p>Le Canada est tellement diversifi\u00e9 ! Partagez avec nous une histoire ou une photo illustrant comment vous percevez ou utilisez la litt\u00e9ratie religieuse dans votre vie. Nous pourrons la publier dans un bulletin d&rsquo;information, un programme ou sur les r\u00e9seaux sociaux afin d&rsquo;am\u00e9liorer la litt\u00e9ratie religieuse de tous au Canada et ailleurs. Contactez <a href=\"mailto:pr@ccrl-clrc.ca\">pr@ccrl-clrc.ca<\/a> pour nous aider \u00e0 en apprendre davantage.   <\/p>\n<p><b>Aidez-nous \u00e0 collecter des fonds<\/b><\/p>\n<p>Organisez <a href=\"https:\/\/philanthropytogether.org\/what-is-a-giving-circle\/\">un cercle de dons<\/a> pour faire conna\u00eetre notre association. Organisez une d\u00e9licieuse vente de p\u00e2tisseries pour nous. Ou faites-nous don des recettes de votre prochaine course de 10 km, de votre marathon cycliste, de votre match de hockey, de votre match de football, de votre tournoi de golf ou de votre f\u00eate d&rsquo;anniversaire sp\u00e9ciale, etc. Nous serions heureux de participer \u00e0 votre \u00e9v\u00e9nement (si possible) pour pr\u00e9senter notre travail et r\u00e9pondre \u00e0 vos questions.   <\/p>\n<p>&nbsp;<\/p>\n<p>&nbsp;<\/p>\n<p style=\"text-align: center;\">De plus amples informations sur notre statut d&rsquo;organisme \u00e0 but non lucratif constitu\u00e9 en soci\u00e9t\u00e9 nationale sont disponibles sur le <a href=\"https:\/\/www.ic.gc.ca\/app\/scr\/cc\/CorporationsCanada\/fdrlCrpDtls.html?corpId=10800031&amp;V_TOKEN=1612205177047&amp;crpNm=the%20centre%20for%20civic%20religious%20literacy&amp;crpNmbr=&amp;bsNmbr=\">site web d&rsquo;Innovation, Science et D\u00e9veloppement \u00e9conomique Canada<\/a>.<\/p>\n<p style=\"text-align: center;\"><em>Merci pour votre soutien.<\/em><\/p>\n","protected":false},"excerpt":{"rendered":"<p>La CLRC est un organisme de bienfaisance enregistr\u00e9 aupr\u00e8s de l&rsquo;Agence du revenu du Canada, sous le num\u00e9ro 752785089RR0001. En tant qu&rsquo;organisme \u00e0 but non lucratif, nous appr\u00e9cions votre soutien. Il contribue directement \u00e0 nos co\u00fbts op\u00e9rationnels et \u00e0 notre programmation quotidiens. Notre travail est financ\u00e9 par des subventions de projet, des projets r\u00e9mun\u00e9r\u00e9s \u00e0 [&hellip;]<\/p>\n","protected":false},"author":29790131,"featured_media":3442,"parent":0,"menu_order":0,"comment_status":"closed","ping_status":"closed","template":"","meta":{"_acf_changed":false,"_et_pb_use_builder":"","_et_pb_old_content":"","_et_gb_content_width":"","_coblocks_attr":"","_coblocks_dimensions":"","_coblocks_responsive_height":"","_coblocks_accordion_ie_support":"","_crdt_document":"","footnotes":""},"class_list":["post-3700","page","type-page","status-publish","has-post-thumbnail","hentry"],"acf":[],"yoast_head":"<!-- This site is optimized with the Yoast SEO plugin v27.4 - https:\/\/yoast.com\/product\/yoast-seo-wordpress\/ -->\n<title>Soutenez-nous - %.<\/title>\n<meta name=\"description\" content=\"En tant qu&#039;organisme \u00e0 but non lucratif, nous appr\u00e9cions votre soutien. Il contribue directement \u00e0 nos co\u00fbts op\u00e9rationnels et \u00e0 notre programmation quotidiens.\" \/>\n<meta name=\"robots\" content=\"index, follow, max-snippet:-1, max-image-preview:large, max-video-preview:-1\" \/>\n<link rel=\"canonical\" href=\"https:\/\/ccrl-clrc.ca\/fr\/soutenez-nous\/\" \/>\n<meta property=\"og:locale\" content=\"fr_FR\" \/>\n<meta property=\"og:type\" content=\"article\" \/>\n<meta property=\"og:title\" content=\"Soutenez-nous - %.\" \/>\n<meta property=\"og:description\" content=\"En tant qu&#039;organisme \u00e0 but non lucratif, nous appr\u00e9cions votre soutien. Il contribue directement \u00e0 nos co\u00fbts op\u00e9rationnels et \u00e0 notre programmation quotidiens.\" \/>\n<meta property=\"og:url\" content=\"https:\/\/ccrl-clrc.ca\/fr\/soutenez-nous\/\" \/>\n<meta property=\"og:site_name\" content=\"Le centre de litt\u00e9ratie religieuse civique\" \/>\n<meta property=\"article:publisher\" content=\"https:\/\/www.facebook.com\/The-Centre-for-Civic-Religious-Literacy-2033697073383562\/\" \/>\n<meta property=\"article:modified_time\" content=\"2025-11-05T19:39:28+00:00\" \/>\n<meta property=\"og:image\" content=\"https:\/\/i0.wp.com\/ccrl-clrc.ca\/wp-content\/uploads\/2018\/09\/ravi-roshan-383162-unsplash.jpg?fit=4096%2C2301&ssl=1\" \/>\n\t<meta property=\"og:image:width\" content=\"4096\" \/>\n\t<meta property=\"og:image:height\" content=\"2301\" \/>\n\t<meta property=\"og:image:type\" content=\"image\/jpeg\" \/>\n<meta name=\"twitter:card\" content=\"summary_large_image\" \/>\n<meta name=\"twitter:site\" content=\"@CcrlClrc\" \/>\n<meta name=\"twitter:label1\" content=\"Dur\u00e9e de lecture estim\u00e9e\" \/>\n\t<meta name=\"twitter:data1\" content=\"1 minute\" \/>\n<script type=\"application\/ld+json\" class=\"yoast-schema-graph\">{\"@context\":\"https:\\\/\\\/schema.org\",\"@graph\":[{\"@type\":\"WebPage\",\"@id\":\"https:\\\/\\\/ccrl-clrc.ca\\\/fr\\\/soutenez-nous\\\/\",\"url\":\"https:\\\/\\\/ccrl-clrc.ca\\\/fr\\\/soutenez-nous\\\/\",\"name\":\"Soutenez-nous - %.\",\"isPartOf\":{\"@id\":\"https:\\\/\\\/ccrl-clrc.ca\\\/fr\\\/#website\"},\"primaryImageOfPage\":{\"@id\":\"https:\\\/\\\/ccrl-clrc.ca\\\/fr\\\/soutenez-nous\\\/#primaryimage\"},\"image\":{\"@id\":\"https:\\\/\\\/ccrl-clrc.ca\\\/fr\\\/soutenez-nous\\\/#primaryimage\"},\"thumbnailUrl\":\"https:\\\/\\\/i0.wp.com\\\/ccrl-clrc.ca\\\/wp-content\\\/uploads\\\/2018\\\/09\\\/ravi-roshan-383162-unsplash.jpg?fit=4096%2C2301&ssl=1\",\"datePublished\":\"2021-10-16T20:13:20+00:00\",\"dateModified\":\"2025-11-05T19:39:28+00:00\",\"description\":\"En tant qu'organisme \u00e0 but non lucratif, nous appr\u00e9cions votre soutien. Il contribue directement \u00e0 nos co\u00fbts op\u00e9rationnels et \u00e0 notre programmation quotidiens.\",\"breadcrumb\":{\"@id\":\"https:\\\/\\\/ccrl-clrc.ca\\\/fr\\\/soutenez-nous\\\/#breadcrumb\"},\"inLanguage\":\"fr-FR\",\"potentialAction\":[{\"@type\":\"ReadAction\",\"target\":[\"https:\\\/\\\/ccrl-clrc.ca\\\/fr\\\/soutenez-nous\\\/\"]}]},{\"@type\":\"ImageObject\",\"inLanguage\":\"fr-FR\",\"@id\":\"https:\\\/\\\/ccrl-clrc.ca\\\/fr\\\/soutenez-nous\\\/#primaryimage\",\"url\":\"https:\\\/\\\/i0.wp.com\\\/ccrl-clrc.ca\\\/wp-content\\\/uploads\\\/2018\\\/09\\\/ravi-roshan-383162-unsplash.jpg?fit=4096%2C2301&ssl=1\",\"contentUrl\":\"https:\\\/\\\/i0.wp.com\\\/ccrl-clrc.ca\\\/wp-content\\\/uploads\\\/2018\\\/09\\\/ravi-roshan-383162-unsplash.jpg?fit=4096%2C2301&ssl=1\",\"width\":4096,\"height\":2301},{\"@type\":\"BreadcrumbList\",\"@id\":\"https:\\\/\\\/ccrl-clrc.ca\\\/fr\\\/soutenez-nous\\\/#breadcrumb\",\"itemListElement\":[{\"@type\":\"ListItem\",\"position\":1,\"name\":\"Accueil\",\"item\":\"https:\\\/\\\/ccrl-clrc.ca\\\/fr\\\/le-centre-de-litteratie-religieuse-civique-2\\\/\"},{\"@type\":\"ListItem\",\"position\":2,\"name\":\"Soutenez-nous\"}]},{\"@type\":\"WebSite\",\"@id\":\"https:\\\/\\\/ccrl-clrc.ca\\\/fr\\\/#website\",\"url\":\"https:\\\/\\\/ccrl-clrc.ca\\\/fr\\\/\",\"name\":\"Le centre de litt\u00e9ratie religieuse civique\",\"description\":\"Pour la promotion de la compr\u00e9hension au Canada\",\"publisher\":{\"@id\":\"https:\\\/\\\/ccrl-clrc.ca\\\/fr\\\/#organization\"},\"potentialAction\":[{\"@type\":\"SearchAction\",\"target\":{\"@type\":\"EntryPoint\",\"urlTemplate\":\"https:\\\/\\\/ccrl-clrc.ca\\\/fr\\\/?s={search_term_string}\"},\"query-input\":{\"@type\":\"PropertyValueSpecification\",\"valueRequired\":true,\"valueName\":\"search_term_string\"}}],\"inLanguage\":\"fr-FR\"},{\"@type\":\"Organization\",\"@id\":\"https:\\\/\\\/ccrl-clrc.ca\\\/fr\\\/#organization\",\"name\":\"Le centre de litt\u00e9ratie religieuse civique\",\"url\":\"https:\\\/\\\/ccrl-clrc.ca\\\/fr\\\/\",\"logo\":{\"@type\":\"ImageObject\",\"inLanguage\":\"fr-FR\",\"@id\":\"https:\\\/\\\/ccrl-clrc.ca\\\/fr\\\/#\\\/schema\\\/logo\\\/image\\\/\",\"url\":\"https:\\\/\\\/i2.wp.com\\\/ccrl-clrc.ca\\\/wp-content\\\/uploads\\\/2018\\\/10\\\/ccrl_logo.png?fit=1849%2C256&ssl=1\",\"contentUrl\":\"https:\\\/\\\/i2.wp.com\\\/ccrl-clrc.ca\\\/wp-content\\\/uploads\\\/2018\\\/10\\\/ccrl_logo.png?fit=1849%2C256&ssl=1\",\"width\":1849,\"height\":256,\"caption\":\"Le centre de litt\u00e9ratie religieuse civique\"},\"image\":{\"@id\":\"https:\\\/\\\/ccrl-clrc.ca\\\/fr\\\/#\\\/schema\\\/logo\\\/image\\\/\"},\"sameAs\":[\"https:\\\/\\\/www.facebook.com\\\/The-Centre-for-Civic-Religious-Literacy-2033697073383562\\\/\",\"https:\\\/\\\/x.com\\\/CcrlClrc\",\"https:\\\/\\\/www.instagram.com\\\/ccrl.clrc\\\/\",\"https:\\\/\\\/www.linkedin.com\\\/company\\\/ccrl-clrc\\\/\"]}]}<\/script>\n<!-- \/ Yoast SEO plugin. -->","yoast_head_json":{"title":"Soutenez-nous - %.","description":"En tant qu'organisme \u00e0 but non lucratif, nous appr\u00e9cions votre soutien. Il contribue directement \u00e0 nos co\u00fbts op\u00e9rationnels et \u00e0 notre programmation quotidiens.","robots":{"index":"index","follow":"follow","max-snippet":"max-snippet:-1","max-image-preview":"max-image-preview:large","max-video-preview":"max-video-preview:-1"},"canonical":"https:\/\/ccrl-clrc.ca\/fr\/soutenez-nous\/","og_locale":"fr_FR","og_type":"article","og_title":"Soutenez-nous - %.","og_description":"En tant qu'organisme \u00e0 but non lucratif, nous appr\u00e9cions votre soutien. Il contribue directement \u00e0 nos co\u00fbts op\u00e9rationnels et \u00e0 notre programmation quotidiens.","og_url":"https:\/\/ccrl-clrc.ca\/fr\/soutenez-nous\/","og_site_name":"Le centre de litt\u00e9ratie religieuse civique","article_publisher":"https:\/\/www.facebook.com\/The-Centre-for-Civic-Religious-Literacy-2033697073383562\/","article_modified_time":"2025-11-05T19:39:28+00:00","og_image":[{"width":4096,"height":2301,"url":"https:\/\/i0.wp.com\/ccrl-clrc.ca\/wp-content\/uploads\/2018\/09\/ravi-roshan-383162-unsplash.jpg?fit=4096%2C2301&ssl=1","type":"image\/jpeg"}],"twitter_card":"summary_large_image","twitter_site":"@CcrlClrc","twitter_misc":{"Dur\u00e9e de lecture estim\u00e9e":"1 minute"},"schema":{"@context":"https:\/\/schema.org","@graph":[{"@type":"WebPage","@id":"https:\/\/ccrl-clrc.ca\/fr\/soutenez-nous\/","url":"https:\/\/ccrl-clrc.ca\/fr\/soutenez-nous\/","name":"Soutenez-nous - %.","isPartOf":{"@id":"https:\/\/ccrl-clrc.ca\/fr\/#website"},"primaryImageOfPage":{"@id":"https:\/\/ccrl-clrc.ca\/fr\/soutenez-nous\/#primaryimage"},"image":{"@id":"https:\/\/ccrl-clrc.ca\/fr\/soutenez-nous\/#primaryimage"},"thumbnailUrl":"https:\/\/i0.wp.com\/ccrl-clrc.ca\/wp-content\/uploads\/2018\/09\/ravi-roshan-383162-unsplash.jpg?fit=4096%2C2301&ssl=1","datePublished":"2021-10-16T20:13:20+00:00","dateModified":"2025-11-05T19:39:28+00:00","description":"En tant qu'organisme \u00e0 but non lucratif, nous appr\u00e9cions votre soutien. Il contribue directement \u00e0 nos co\u00fbts op\u00e9rationnels et \u00e0 notre programmation quotidiens.","breadcrumb":{"@id":"https:\/\/ccrl-clrc.ca\/fr\/soutenez-nous\/#breadcrumb"},"inLanguage":"fr-FR","potentialAction":[{"@type":"ReadAction","target":["https:\/\/ccrl-clrc.ca\/fr\/soutenez-nous\/"]}]},{"@type":"ImageObject","inLanguage":"fr-FR","@id":"https:\/\/ccrl-clrc.ca\/fr\/soutenez-nous\/#primaryimage","url":"https:\/\/i0.wp.com\/ccrl-clrc.ca\/wp-content\/uploads\/2018\/09\/ravi-roshan-383162-unsplash.jpg?fit=4096%2C2301&ssl=1","contentUrl":"https:\/\/i0.wp.com\/ccrl-clrc.ca\/wp-content\/uploads\/2018\/09\/ravi-roshan-383162-unsplash.jpg?fit=4096%2C2301&ssl=1","width":4096,"height":2301},{"@type":"BreadcrumbList","@id":"https:\/\/ccrl-clrc.ca\/fr\/soutenez-nous\/#breadcrumb","itemListElement":[{"@type":"ListItem","position":1,"name":"Accueil","item":"https:\/\/ccrl-clrc.ca\/fr\/le-centre-de-litteratie-religieuse-civique-2\/"},{"@type":"ListItem","position":2,"name":"Soutenez-nous"}]},{"@type":"WebSite","@id":"https:\/\/ccrl-clrc.ca\/fr\/#website","url":"https:\/\/ccrl-clrc.ca\/fr\/","name":"Le centre de litt\u00e9ratie religieuse civique","description":"Pour la promotion de la compr\u00e9hension au Canada","publisher":{"@id":"https:\/\/ccrl-clrc.ca\/fr\/#organization"},"potentialAction":[{"@type":"SearchAction","target":{"@type":"EntryPoint","urlTemplate":"https:\/\/ccrl-clrc.ca\/fr\/?s={search_term_string}"},"query-input":{"@type":"PropertyValueSpecification","valueRequired":true,"valueName":"search_term_string"}}],"inLanguage":"fr-FR"},{"@type":"Organization","@id":"https:\/\/ccrl-clrc.ca\/fr\/#organization","name":"Le centre de litt\u00e9ratie religieuse civique","url":"https:\/\/ccrl-clrc.ca\/fr\/","logo":{"@type":"ImageObject","inLanguage":"fr-FR","@id":"https:\/\/ccrl-clrc.ca\/fr\/#\/schema\/logo\/image\/","url":"https:\/\/i2.wp.com\/ccrl-clrc.ca\/wp-content\/uploads\/2018\/10\/ccrl_logo.png?fit=1849%2C256&ssl=1","contentUrl":"https:\/\/i2.wp.com\/ccrl-clrc.ca\/wp-content\/uploads\/2018\/10\/ccrl_logo.png?fit=1849%2C256&ssl=1","width":1849,"height":256,"caption":"Le centre de litt\u00e9ratie religieuse civique"},"image":{"@id":"https:\/\/ccrl-clrc.ca\/fr\/#\/schema\/logo\/image\/"},"sameAs":["https:\/\/www.facebook.com\/The-Centre-for-Civic-Religious-Literacy-2033697073383562\/","https:\/\/x.com\/CcrlClrc","https:\/\/www.instagram.com\/ccrl.clrc\/","https:\/\/www.linkedin.com\/company\/ccrl-clrc\/"]}]}},"jetpack_likes_enabled":false,"jetpack_sharing_enabled":false,"jetpack_shortlink":"https:\/\/wp.me\/PafvDM-XG","amp_enabled":true,"_links":{"self":[{"href":"https:\/\/ccrl-clrc.ca\/fr\/wp-json\/wp\/v2\/pages\/3700","targetHints":{"allow":["GET"]}}],"collection":[{"href":"https:\/\/ccrl-clrc.ca\/fr\/wp-json\/wp\/v2\/pages"}],"about":[{"href":"https:\/\/ccrl-clrc.ca\/fr\/wp-json\/wp\/v2\/types\/page"}],"author":[{"embeddable":true,"href":"https:\/\/ccrl-clrc.ca\/fr\/wp-json\/wp\/v2\/users\/29790131"}],"replies":[{"embeddable":true,"href":"https:\/\/ccrl-clrc.ca\/fr\/wp-json\/wp\/v2\/comments?post=3700"}],"version-history":[{"count":10,"href":"https:\/\/ccrl-clrc.ca\/fr\/wp-json\/wp\/v2\/pages\/3700\/revisions"}],"predecessor-version":[{"id":7549,"href":"https:\/\/ccrl-clrc.ca\/fr\/wp-json\/wp\/v2\/pages\/3700\/revisions\/7549"}],"wp:featuredmedia":[{"embeddable":true,"href":"https:\/\/ccrl-clrc.ca\/fr\/wp-json\/wp\/v2\/media\/3442"}],"wp:attachment":[{"href":"https:\/\/ccrl-clrc.ca\/fr\/wp-json\/wp\/v2\/media?parent=3700"}],"curies":[{"name":"wp","href":"https:\/\/api.w.org\/{rel}","templated":true}]}}